{"id":4003,"date":"2023-12-14T22:48:53","date_gmt":"2023-12-14T22:48:53","guid":{"rendered":"https:\/\/volt-power.com\/?post_type=product&#038;p=4003"},"modified":"2024-07-30T23:14:49","modified_gmt":"2024-07-30T23:14:49","slug":"swith-de-8-puertos-gigabit-vlt-s08","status":"publish","type":"product","link":"https:\/\/volt-power.com\/en\/product\/swith-de-8-puertos-gigabit-vlt-s08\/","title":{"rendered":"Swith de 8 puertos Gigabit <br>VLT-S08"},"content":{"rendered":"<ul>\n<li>\u2022 8 puertos de 10\/100\/1000 Mbps con negociaci\u00f3n autom\u00e1tica<\/li>\n<li>\u2022 Detecci\u00f3n autom\u00e1tica de MDI\/MDIX que simplifica la creaci\u00f3n y mantenimiento de redes<\/li>\n<li>\u2022 Reenv\u00edo a m\u00e1xima velocidad de cable para garantizar una conexi\u00f3n fluida<\/li>\n<li>\u2022 Control de flujo para d\u00faplex completo y contrapresi\u00f3n para d\u00faplex medio para evitar los errores de trama y el bloqueo de puertos<\/li>\n<li>\u2022 Utiliza la t\u00e9cnica de almacenamiento y retransmisi\u00f3n y proporciona una tabla de direcciones MAC de 4000 entradas<\/li>\n<li>\u2022 Jumbo frame de 9000 bytes para mejorar la velocidad de reenv\u00edo de archivos de gran tama\u00f1o<\/li>\n<li>\u2022 Fabricado con ABS para una mayor resistencia al calor y una disipaci\u00f3n del calor m\u00e1s eficiente<\/li>\n<li>\u2022 Permite el acceso a c\u00e1maras IP y proporciona una imagen clara y sin interrupciones<\/li>\n<li>\u2022 Instalaci\u00f3n sencilla en escritorio o en pared<\/li>\n<\/ul>","protected":false},"excerpt":{"rendered":"<div class=\"bigbread hidden-xs\">\n<div class=\"container\">\n<div class=\"row\">\n<div data-id=\"551\">\n<h2 id=\"title\" class=\"a-size-large a-spacing-none\"><span id=\"productTitle\" class=\"a-size-large product-title-word-break\" style=\"color: #ff6600;\">Switch Gigabit no administrable, 8 puertos Gigabit, Dise\u00f1o de escritorio, Plug and play<\/span><\/h2>\n<\/div>\n<div id=\"PRO_Intro\" data-id=\"551\">Nuestro switch Gigabit de sobremesa de 8 puertos ideal para peque\u00f1as oficinas y oficinas dom\u00e9sticas. Proporciona 8 puertos de 10\/100\/1000 Mbps con negociaci\u00f3n autom\u00e1tica, lo que permite utilizarlo para establecer una red LAN o ampliar una red de v\u00ednculo superior. En comparaci\u00f3n con un switch de 100 Mbps, ofrece una velocidad de transmisi\u00f3n hasta 10 veces m\u00e1s r\u00e1pida, evitando los cuellos de botella del ancho de banda en cascada. Puede montarse en escritorio o en pared. No requiere configuraci\u00f3n, puede comenzar a utilizarse una vez conectado.<\/div>\n<div data-id=\"551\"><a href=\"https:\/\/volt-power.com\/wp-content\/uploads\/2023\/12\/VLT-S08_compressed.pdf\" target=\"_blank\" rel=\"noopener\"><img loading=\"lazy\" decoding=\"async\" class=\"alignright wp-image-3474\" src=\"https:\/\/volt-power.com\/wp-content\/uploads\/2023\/03\/6-287x300.png\" alt=\"\" width=\"100\" height=\"105\" srcset=\"https:\/\/volt-power.com\/wp-content\/uploads\/2023\/03\/6-287x300.png 287w, https:\/\/volt-power.com\/wp-content\/uploads\/2023\/03\/6-600x628.png 600w, https:\/\/volt-power.com\/wp-content\/uploads\/2023\/03\/6-768x803.png 768w, https:\/\/volt-power.com\/wp-content\/uploads\/2023\/03\/6.png 784w\" sizes=\"auto, (max-width: 100px) 100vw, 100px\" \/><\/a><\/div>\n<\/div>\n<\/div>\n<\/div>","protected":false},"featured_media":4752,"comment_status":"open","ping_status":"closed","template":"","meta":[],"product_cat":[47,52],"product_tag":[],"class_list":["post-4003","product","type-product","status-publish","has-post-thumbnail","hentry","product_cat-redes","product_cat-switch"],"_links":{"self":[{"href":"https:\/\/volt-power.com\/en\/wp-json\/wp\/v2\/product\/4003","targetHints":{"allow":["GET"]}}],"collection":[{"href":"https:\/\/volt-power.com\/en\/wp-json\/wp\/v2\/product"}],"about":[{"href":"https:\/\/volt-power.com\/en\/wp-json\/wp\/v2\/types\/product"}],"replies":[{"embeddable":true,"href":"https:\/\/volt-power.com\/en\/wp-json\/wp\/v2\/comments?post=4003"}],"wp:featuredmedia":[{"embeddable":true,"href":"https:\/\/volt-power.com\/en\/wp-json\/wp\/v2\/media\/4752"}],"wp:attachment":[{"href":"https:\/\/volt-power.com\/en\/wp-json\/wp\/v2\/media?parent=4003"}],"wp:term":[{"taxonomy":"product_cat","embeddable":true,"href":"https:\/\/volt-power.com\/en\/wp-json\/wp\/v2\/product_cat?post=4003"},{"taxonomy":"product_tag","embeddable":true,"href":"https:\/\/volt-power.com\/en\/wp-json\/wp\/v2\/product_tag?post=4003"}],"curies":[{"name":"wp","href":"https:\/\/api.w.org\/{rel}","templated":true}]}}