{"id":3991,"date":"2023-12-14T21:47:10","date_gmt":"2023-12-14T21:47:10","guid":{"rendered":"https:\/\/volt-power.com\/?post_type=product&#038;p=3991"},"modified":"2024-07-30T23:21:57","modified_gmt":"2024-07-30T23:21:57","slug":"conector-rj45-cta5evlt-soo","status":"publish","type":"product","link":"https:\/\/volt-power.com\/en\/product\/conector-rj45-cta5evlt-soo\/","title":{"rendered":"Conector RJ45 Cta5e<br>VLT-SOO"},"content":{"rendered":"<ul>\n<li>Categor\u00eda: Cat5e<\/li>\n<li>Material y color de la cubierta: Policarbonato transparente, UL 94V-2<\/li>\n<li>Tipo de contacto: Clavija recta<\/li>\n<li>Resistencia a la tensi\u00f3n: 7,7kg entre el alambre y el conector<\/li>\n<li>Velocidad de transmisi\u00f3n: 100 Mbps<\/li>\n<li>Ancho de banda: 100 MHz<\/li>\n<li>Normas internacionales: ANSI\/TIA\/EIA-568-C.2, ISO\/IEC 11801<\/li>\n<\/ul>","protected":false},"excerpt":{"rendered":"<h2 id=\"title\" class=\"a-size-large a-spacing-none\"><span id=\"productTitle\" class=\"a-size-large product-title-word-break\" style=\"color: #ff6600;\">Conector Rj45 Cat 5e<\/span><\/h2>\n<ul class=\"a-unordered-list a-vertical a-spacing-mini\">\n<li class=\"a-spacing-mini\"><span class=\"a-list-item\">HERRAMIENTA PARA ENGARZAR CONECTOR DE CABLE 3 EN 1. Portabilidad y perfecci\u00f3n en su forma. La boca de la herramienta de engarzado est\u00e1 fabricada en acero resistente y duradero, asegurando que no da\u00f1ar\u00e1 el cable sin su aislamiento.<\/span><\/li>\n<li class=\"a-spacing-mini\"><span class=\"a-list-item\">USO RUDO. Conectores Cat5\/Cat6 UTP paso a paso. Los conectores transparentes garantizan una conexi\u00f3n s\u00f3lida para un rendimiento \u00f3ptimo que inhibe el ruido de frecuencia.<\/span><\/li>\n<li class=\"a-spacing-mini\"><span class=\"a-list-item\">SEGURO Y CONVENIENTE. Obtenga una herramienta de engarzado r\u00e1pida y confiable con un cuerpo de acero, un dise\u00f1o duradero y ergon\u00f3mico, un agarre compacto y de f\u00e1cil manejo.<\/span><\/li>\n<li class=\"a-spacing-mini\"><span class=\"a-list-item\">USABILIDAD. Compatible con m\u00faltiples categor\u00edas de uso tanto para interiores como para exteriores. Cables ba\u00f1ados en oro para una mejor transmisi\u00f3n de datos y una mayor potencia de se\u00f1al.<\/span><\/li>\n<\/ul>\n<p><a href=\"https:\/\/volt-power.com\/wp-content\/uploads\/2023\/12\/VLT-SOO_compressed.pdf\" target=\"_blank\" rel=\"noopener\"><img loading=\"lazy\" decoding=\"async\" class=\"alignright wp-image-3474\" src=\"https:\/\/volt-power.com\/wp-content\/uploads\/2023\/03\/6-287x300.png\" alt=\"\" width=\"100\" height=\"105\" srcset=\"https:\/\/volt-power.com\/wp-content\/uploads\/2023\/03\/6-287x300.png 287w, https:\/\/volt-power.com\/wp-content\/uploads\/2023\/03\/6-600x628.png 600w, https:\/\/volt-power.com\/wp-content\/uploads\/2023\/03\/6-768x803.png 768w, https:\/\/volt-power.com\/wp-content\/uploads\/2023\/03\/6.png 784w\" sizes=\"auto, (max-width: 100px) 100vw, 100px\" \/><\/a><\/p>","protected":false},"featured_media":4756,"comment_status":"open","ping_status":"closed","template":"","meta":[],"product_cat":[53,47],"product_tag":[],"class_list":["post-3991","product","type-product","status-publish","has-post-thumbnail","hentry","product_cat-conectores-rj45","product_cat-redes"],"_links":{"self":[{"href":"https:\/\/volt-power.com\/en\/wp-json\/wp\/v2\/product\/3991","targetHints":{"allow":["GET"]}}],"collection":[{"href":"https:\/\/volt-power.com\/en\/wp-json\/wp\/v2\/product"}],"about":[{"href":"https:\/\/volt-power.com\/en\/wp-json\/wp\/v2\/types\/product"}],"replies":[{"embeddable":true,"href":"https:\/\/volt-power.com\/en\/wp-json\/wp\/v2\/comments?post=3991"}],"wp:featuredmedia":[{"embeddable":true,"href":"https:\/\/volt-power.com\/en\/wp-json\/wp\/v2\/media\/4756"}],"wp:attachment":[{"href":"https:\/\/volt-power.com\/en\/wp-json\/wp\/v2\/media?parent=3991"}],"wp:term":[{"taxonomy":"product_cat","embeddable":true,"href":"https:\/\/volt-power.com\/en\/wp-json\/wp\/v2\/product_cat?post=3991"},{"taxonomy":"product_tag","embeddable":true,"href":"https:\/\/volt-power.com\/en\/wp-json\/wp\/v2\/product_tag?post=3991"}],"curies":[{"name":"wp","href":"https:\/\/api.w.org\/{rel}","templated":true}]}}