{"id":3978,"date":"2023-12-14T20:00:37","date_gmt":"2023-12-14T20:00:37","guid":{"rendered":"https:\/\/volt-power.com\/?post_type=product&#038;p=3978"},"modified":"2024-07-30T23:26:07","modified_gmt":"2024-07-30T23:26:07","slug":"adaptador-de-alimentacion-macho-dual-a-hembra-trifasicovltc021","status":"publish","type":"product","link":"https:\/\/volt-power.com\/en\/product\/adaptador-de-alimentacion-macho-dual-a-hembra-trifasicovltc021\/","title":{"rendered":"Adaptador de alimentaci\u00f3n macho dual a hembra trif\u00e1sico<br>VLTC021"},"content":{"rendered":"<ul>\n<li><strong>Entrada Nema Universal<\/strong><\/li>\n<li><strong>Energ\u00eda hasta 250V<\/strong><\/li>\n<li><strong>Amperaje de 16\u00aa<\/strong><\/li>\n<li><strong>Uso domestico<\/strong><\/li>\n<\/ul>","protected":false},"excerpt":{"rendered":"<h2><span style=\"color: #ff6600;\">Adaptador de alimentaci\u00f3n macho dual a hembra trif\u00e1sico<\/span><\/h2>\n<p>Material tecno pol\u00edmero, contactos de lat\u00f3n (bronce). Usados cuando se tiene un tomacorriente de distinta configuraci\u00f3n al equipo que se desea conectar.<\/p>","protected":false},"featured_media":4757,"comment_status":"open","ping_status":"closed","template":"","meta":[],"product_cat":[54,49],"product_tag":[],"class_list":["post-3978","product","type-product","status-publish","has-post-thumbnail","hentry","product_cat-adaptador-trifasico","product_cat-proteccion"],"_links":{"self":[{"href":"https:\/\/volt-power.com\/en\/wp-json\/wp\/v2\/product\/3978","targetHints":{"allow":["GET"]}}],"collection":[{"href":"https:\/\/volt-power.com\/en\/wp-json\/wp\/v2\/product"}],"about":[{"href":"https:\/\/volt-power.com\/en\/wp-json\/wp\/v2\/types\/product"}],"replies":[{"embeddable":true,"href":"https:\/\/volt-power.com\/en\/wp-json\/wp\/v2\/comments?post=3978"}],"wp:featuredmedia":[{"embeddable":true,"href":"https:\/\/volt-power.com\/en\/wp-json\/wp\/v2\/media\/4757"}],"wp:attachment":[{"href":"https:\/\/volt-power.com\/en\/wp-json\/wp\/v2\/media?parent=3978"}],"wp:term":[{"taxonomy":"product_cat","embeddable":true,"href":"https:\/\/volt-power.com\/en\/wp-json\/wp\/v2\/product_cat?post=3978"},{"taxonomy":"product_tag","embeddable":true,"href":"https:\/\/volt-power.com\/en\/wp-json\/wp\/v2\/product_tag?post=3978"}],"curies":[{"name":"wp","href":"https:\/\/api.w.org\/{rel}","templated":true}]}}