{"id":3971,"date":"2023-12-14T19:52:14","date_gmt":"2023-12-14T19:52:14","guid":{"rendered":"https:\/\/volt-power.com\/?post_type=product&#038;p=3971"},"modified":"2024-07-30T23:29:42","modified_gmt":"2024-07-30T23:29:42","slug":"cable-usb-3-0-a-macho-a-micro-usb-b-machovlt-c020","status":"publish","type":"product","link":"https:\/\/volt-power.com\/en\/product\/cable-usb-3-0-a-macho-a-micro-usb-b-machovlt-c020\/","title":{"rendered":"Cable USB 3.0 A-macho a micro-USB B-macho<br>VLT-C020"},"content":{"rendered":"<ul>\n<li><b>type:<\/b>Cable de conexi\u00f3n de alta velocidad para dispositivos perif\u00e9ricos<\/li>\n<li><b>Connector type:<\/b>\u00a0USB-A macho a micro-USB-B macho<\/li>\n<li><strong>Velocidades de transferencia<\/strong>: hasta 5 Gbp\/s<\/li>\n<li><b>Wire gauge:<\/b>\u00a028 AWG<\/li>\n<li><b>Di\u00e1metro exterior:<\/b>\u00a00,236 pulgadas<\/li>\n<li><b>Driver Material:<\/b>Cobre esta\u00f1ado<\/li>\n<li><b>Chaqueta :<\/b>\u00a0PVC<\/li>\n<li><b>Color:<\/b>\u00a0Negro<\/li>\n<li><b>Longitud:<\/b>\u00a03 \u200b\u200bpies<\/li>\n<li><b>Garant\u00eda:<\/b>Un a\u00f1o<\/li>\n<\/ul>","protected":false},"excerpt":{"rendered":"<h2><span style=\"color: #ff6600;\"><span class=\"VIpgJd-yAWNEb-VIpgJd-fmcmS-sn54Q\">Cable USB 3.0 A-macho a micro-USB B-macho<\/span><\/span><\/h2>\n<p>\u00daselo con discos duros port\u00e1tiles y tel\u00e9fonos inteligentes seleccionados, Ofrece tasas de transferencia de hasta 5 Gbps, Chaqueta de PVC flexible y resistente.<\/p>\n<p><a href=\"https:\/\/volt-power.com\/wp-content\/uploads\/2023\/12\/VLT-C020_compressed.pdf\" target=\"_blank\" rel=\"noopener\"><img loading=\"lazy\" decoding=\"async\" class=\"alignright wp-image-3474\" src=\"https:\/\/volt-power.com\/wp-content\/uploads\/2023\/03\/6-287x300.png\" alt=\"\" width=\"100\" height=\"105\" srcset=\"https:\/\/volt-power.com\/wp-content\/uploads\/2023\/03\/6-287x300.png 287w, https:\/\/volt-power.com\/wp-content\/uploads\/2023\/03\/6-600x628.png 600w, https:\/\/volt-power.com\/wp-content\/uploads\/2023\/03\/6-768x803.png 768w, https:\/\/volt-power.com\/wp-content\/uploads\/2023\/03\/6.png 784w\" sizes=\"auto, (max-width: 100px) 100vw, 100px\" \/><\/a><\/p>","protected":false},"featured_media":4758,"comment_status":"open","ping_status":"closed","template":"","meta":[],"product_cat":[45,55],"product_tag":[],"class_list":["post-3971","product","type-product","status-publish","has-post-thumbnail","hentry","product_cat-accesorios","product_cat-cable-usb"],"_links":{"self":[{"href":"https:\/\/volt-power.com\/en\/wp-json\/wp\/v2\/product\/3971","targetHints":{"allow":["GET"]}}],"collection":[{"href":"https:\/\/volt-power.com\/en\/wp-json\/wp\/v2\/product"}],"about":[{"href":"https:\/\/volt-power.com\/en\/wp-json\/wp\/v2\/types\/product"}],"replies":[{"embeddable":true,"href":"https:\/\/volt-power.com\/en\/wp-json\/wp\/v2\/comments?post=3971"}],"wp:featuredmedia":[{"embeddable":true,"href":"https:\/\/volt-power.com\/en\/wp-json\/wp\/v2\/media\/4758"}],"wp:attachment":[{"href":"https:\/\/volt-power.com\/en\/wp-json\/wp\/v2\/media?parent=3971"}],"wp:term":[{"taxonomy":"product_cat","embeddable":true,"href":"https:\/\/volt-power.com\/en\/wp-json\/wp\/v2\/product_cat?post=3971"},{"taxonomy":"product_tag","embeddable":true,"href":"https:\/\/volt-power.com\/en\/wp-json\/wp\/v2\/product_tag?post=3971"}],"curies":[{"name":"wp","href":"https:\/\/api.w.org\/{rel}","templated":true}]}}