{"id":3428,"date":"2023-03-23T21:56:01","date_gmt":"2023-03-23T21:56:01","guid":{"rendered":"https:\/\/volt-power.com\/?post_type=product&#038;p=3428"},"modified":"2024-07-30T23:35:06","modified_gmt":"2024-07-30T23:35:06","slug":"regleta-de-6-tomas","status":"publish","type":"product","link":"https:\/\/volt-power.com\/en\/product\/regleta-de-6-tomas\/","title":{"rendered":"REGLETA DE 6 TOMAS"},"content":{"rendered":"<ul>\n<li>Capacidad:\u00a02200W<\/li>\n<li>Voltaje:\u00a0110V \/ 220V<\/li>\n<li>Tipo de entrada:\u00a0NEMA 5-15P<\/li>\n<li>Tipo de salida:\u00a06 x Universal NEMA 5-15R<\/li>\n<li>Indicador visual:\u00a0Interruptor de conexi\u00f3n con luz<\/li>\n<li>Garant\u00eda:\u00a0De por vida<\/li>\n<\/ul>","protected":false},"excerpt":{"rendered":"<h2><span style=\"color: #ff6600;\">REGLETA DE 3 METROS<br \/>\n<\/span><\/h2>\n<p>VOLT Power Strip es un dispositivo ideal para el hogar de f\u00e1cil montaje en la pared o escritorio, cuenta con 6 tomas de corriente de calce Perfecto que le facilitar\u00e1 la extensi\u00f3n de sus conexiones de energ\u00eda para sus dispositivos, cuenta con un sistema de cortocircuitos que proteger\u00e1 cualquier sobrecarga de energ\u00eda que deber\u00e1 ser reiniciado a trav\u00e9s de su interruptor manual.<\/p>\n<p><a href=\"https:\/\/volt-power.com\/wp-content\/uploads\/2023\/03\/Regleta.pdf\" target=\"_blank\" rel=\"noopener\"><img loading=\"lazy\" decoding=\"async\" class=\"alignright wp-image-3474\" src=\"https:\/\/volt-power.com\/wp-content\/uploads\/2023\/03\/6-287x300.png\" alt=\"\" width=\"100\" height=\"105\" srcset=\"https:\/\/volt-power.com\/wp-content\/uploads\/2023\/03\/6-287x300.png 287w, https:\/\/volt-power.com\/wp-content\/uploads\/2023\/03\/6-600x628.png 600w, https:\/\/volt-power.com\/wp-content\/uploads\/2023\/03\/6-768x803.png 768w, https:\/\/volt-power.com\/wp-content\/uploads\/2023\/03\/6.png 784w\" sizes=\"auto, (max-width: 100px) 100vw, 100px\" \/><\/a><\/p>\n<p>&nbsp;<\/p>","protected":false},"featured_media":4759,"comment_status":"open","ping_status":"closed","template":"","meta":[],"product_cat":[49,56],"product_tag":[],"class_list":["post-3428","product","type-product","status-publish","has-post-thumbnail","hentry","product_cat-proteccion","product_cat-regleta"],"_links":{"self":[{"href":"https:\/\/volt-power.com\/en\/wp-json\/wp\/v2\/product\/3428","targetHints":{"allow":["GET"]}}],"collection":[{"href":"https:\/\/volt-power.com\/en\/wp-json\/wp\/v2\/product"}],"about":[{"href":"https:\/\/volt-power.com\/en\/wp-json\/wp\/v2\/types\/product"}],"replies":[{"embeddable":true,"href":"https:\/\/volt-power.com\/en\/wp-json\/wp\/v2\/comments?post=3428"}],"wp:featuredmedia":[{"embeddable":true,"href":"https:\/\/volt-power.com\/en\/wp-json\/wp\/v2\/media\/4759"}],"wp:attachment":[{"href":"https:\/\/volt-power.com\/en\/wp-json\/wp\/v2\/media?parent=3428"}],"wp:term":[{"taxonomy":"product_cat","embeddable":true,"href":"https:\/\/volt-power.com\/en\/wp-json\/wp\/v2\/product_cat?post=3428"},{"taxonomy":"product_tag","embeddable":true,"href":"https:\/\/volt-power.com\/en\/wp-json\/wp\/v2\/product_tag?post=3428"}],"curies":[{"name":"wp","href":"https:\/\/api.w.org\/{rel}","templated":true}]}}