{"id":3424,"date":"2023-03-23T21:52:16","date_gmt":"2023-03-23T21:52:16","guid":{"rendered":"https:\/\/volt-power.com\/?post_type=product&#038;p=3424"},"modified":"2024-07-31T22:57:15","modified_gmt":"2024-07-31T22:57:15","slug":"protector-de-voltaje","status":"publish","type":"product","link":"https:\/\/volt-power.com\/en\/product\/protector-de-voltaje\/","title":{"rendered":"PROTECTOR DE VOLTAJE"},"content":{"rendered":"<ul>\n<li>Capacidad:\u00a02200W<\/li>\n<li>Voltaje:\u00a0220V<\/li>\n<li>Tipo de entrada:\u00a0NEMA 5-15P<\/li>\n<li>Tipo de salida:\u00a02 x NEMA Universal 5-15R<\/li>\n<li>Indicador visual:\u00a0Luz LED de estado<\/li>\n<li>Garant\u00eda:\u00a02 a\u00f1os<\/li>\n<\/ul>","protected":false},"excerpt":{"rendered":"<h2><span style=\"color: #ff6600;\">PROTECTOR DE VOLTAJE.<\/span><\/h2>\n<p>VOLT protector de voltaje, es un dispositivo inteligente dise\u00f1ado para proteger aparatos que funcionan con energ\u00eda el\u00e9ctrica de los picos de voltaje y sobretensiones. Su objetivo principal es evitar que los picos de voltaje causen da\u00f1os en sus aparatos el\u00e9ctricos que ocasionan la reducci\u00f3n de la vida \u00fatil de los mismos.<\/p>\n<p><a href=\"https:\/\/volt-power.com\/wp-content\/uploads\/2023\/03\/Protector.pdf\" target=\"_blank\" rel=\"noopener\"><img loading=\"lazy\" decoding=\"async\" class=\"wp-image-3474 alignright\" src=\"https:\/\/volt-power.com\/wp-content\/uploads\/2023\/03\/6-287x300.png\" alt=\"\" width=\"100\" height=\"105\" srcset=\"https:\/\/volt-power.com\/wp-content\/uploads\/2023\/03\/6-287x300.png 287w, https:\/\/volt-power.com\/wp-content\/uploads\/2023\/03\/6-600x628.png 600w, https:\/\/volt-power.com\/wp-content\/uploads\/2023\/03\/6-768x803.png 768w, https:\/\/volt-power.com\/wp-content\/uploads\/2023\/03\/6.png 784w\" sizes=\"auto, (max-width: 100px) 100vw, 100px\" \/><\/a><\/p>","protected":false},"featured_media":4817,"comment_status":"open","ping_status":"closed","template":"","meta":[],"product_cat":[49,57],"product_tag":[],"class_list":["post-3424","product","type-product","status-publish","has-post-thumbnail","hentry","product_cat-proteccion","product_cat-protector-de-voltaje"],"_links":{"self":[{"href":"https:\/\/volt-power.com\/en\/wp-json\/wp\/v2\/product\/3424","targetHints":{"allow":["GET"]}}],"collection":[{"href":"https:\/\/volt-power.com\/en\/wp-json\/wp\/v2\/product"}],"about":[{"href":"https:\/\/volt-power.com\/en\/wp-json\/wp\/v2\/types\/product"}],"replies":[{"embeddable":true,"href":"https:\/\/volt-power.com\/en\/wp-json\/wp\/v2\/comments?post=3424"}],"wp:featuredmedia":[{"embeddable":true,"href":"https:\/\/volt-power.com\/en\/wp-json\/wp\/v2\/media\/4817"}],"wp:attachment":[{"href":"https:\/\/volt-power.com\/en\/wp-json\/wp\/v2\/media?parent=3424"}],"wp:term":[{"taxonomy":"product_cat","embeddable":true,"href":"https:\/\/volt-power.com\/en\/wp-json\/wp\/v2\/product_cat?post=3424"},{"taxonomy":"product_tag","embeddable":true,"href":"https:\/\/volt-power.com\/en\/wp-json\/wp\/v2\/product_tag?post=3424"}],"curies":[{"name":"wp","href":"https:\/\/api.w.org\/{rel}","templated":true}]}}