{"id":3423,"date":"2023-03-23T21:40:50","date_gmt":"2023-03-23T21:40:50","guid":{"rendered":"https:\/\/volt-power.com\/?post_type=product&#038;p=3423"},"modified":"2024-07-31T22:59:44","modified_gmt":"2024-07-31T22:59:44","slug":"adaptador-tipo-c-vlt-a010","status":"publish","type":"product","link":"https:\/\/volt-power.com\/en\/product\/adaptador-tipo-c-vlt-a010\/","title":{"rendered":"Adaptador Tipo C <br>VLT-A010"},"content":{"rendered":"<ul>\n<li>Tipo: Adaptador para transferencia de datos a alta velocidad<\/li>\n<li>Tipo de conector: Tipo C macho a USB 3.0 A hembra<\/li>\n<li>Calibre del cable: 32 AWG<\/li>\n<li>Velocidad de transmisi\u00f3n: Admite velocidades de hasta 5.0Gbps<\/li>\n<li>Conductor: Cobre esta\u00f1ado<\/li>\n<li>Revestimiento: Pl\u00e1stico PVC<\/li>\n<li>Di\u00e1metro externo: 3,8mm<\/li>\n<li>Longitud: 12cm<\/li>\n<li>Peso: 16g<\/li>\n<\/ul>","protected":false},"excerpt":{"rendered":"<h2><span style=\"color: #ff6600;\">Adaptador con conector Tipo C macho a USB 3.0 A hembra<\/span><\/h2>\n<p>El cable tiene un dise\u00f1o tipo C reversible que simplifica la conexi\u00f3n, ya que el cable se puede enchufar en cualquier direcci\u00f3n, soporta velocidades de transferencia de hasta 5.0Gbps es compatible con tel\u00e9fonos inteligentes, tabletas, computadoras y perif\u00e9ricos con una interfaz Tipo-C.<\/p>\n<p><a href=\"https:\/\/volt-power.com\/wp-content\/uploads\/2023\/03\/VLT-A010.pdf\" target=\"_blank\" rel=\"noopener\"><img loading=\"lazy\" decoding=\"async\" class=\"alignright wp-image-3474\" src=\"https:\/\/volt-power.com\/wp-content\/uploads\/2023\/03\/6-287x300.png\" alt=\"\" width=\"100\" height=\"105\" srcset=\"https:\/\/volt-power.com\/wp-content\/uploads\/2023\/03\/6-287x300.png 287w, https:\/\/volt-power.com\/wp-content\/uploads\/2023\/03\/6-600x628.png 600w, https:\/\/volt-power.com\/wp-content\/uploads\/2023\/03\/6-768x803.png 768w, https:\/\/volt-power.com\/wp-content\/uploads\/2023\/03\/6.png 784w\" sizes=\"auto, (max-width: 100px) 100vw, 100px\" \/><\/a><\/p>","protected":false},"featured_media":4819,"comment_status":"open","ping_status":"closed","template":"","meta":[],"product_cat":[45,58],"product_tag":[],"class_list":["post-3423","product","type-product","status-publish","has-post-thumbnail","hentry","product_cat-accesorios","product_cat-cable-tipo-c"],"_links":{"self":[{"href":"https:\/\/volt-power.com\/en\/wp-json\/wp\/v2\/product\/3423","targetHints":{"allow":["GET"]}}],"collection":[{"href":"https:\/\/volt-power.com\/en\/wp-json\/wp\/v2\/product"}],"about":[{"href":"https:\/\/volt-power.com\/en\/wp-json\/wp\/v2\/types\/product"}],"replies":[{"embeddable":true,"href":"https:\/\/volt-power.com\/en\/wp-json\/wp\/v2\/comments?post=3423"}],"wp:featuredmedia":[{"embeddable":true,"href":"https:\/\/volt-power.com\/en\/wp-json\/wp\/v2\/media\/4819"}],"wp:attachment":[{"href":"https:\/\/volt-power.com\/en\/wp-json\/wp\/v2\/media?parent=3423"}],"wp:term":[{"taxonomy":"product_cat","embeddable":true,"href":"https:\/\/volt-power.com\/en\/wp-json\/wp\/v2\/product_cat?post=3423"},{"taxonomy":"product_tag","embeddable":true,"href":"https:\/\/volt-power.com\/en\/wp-json\/wp\/v2\/product_tag?post=3423"}],"curies":[{"name":"wp","href":"https:\/\/api.w.org\/{rel}","templated":true}]}}