{"id":3416,"date":"2023-03-23T21:22:49","date_gmt":"2023-03-23T21:22:49","guid":{"rendered":"https:\/\/volt-power.com\/?post_type=product&#038;p=3416"},"modified":"2024-07-31T23:06:25","modified_gmt":"2024-07-31T23:06:25","slug":"cable-f-utp-para-exteriores-cat6vlt-c025","status":"publish","type":"product","link":"https:\/\/volt-power.com\/en\/product\/cable-f-utp-para-exteriores-cat6vlt-c025\/","title":{"rendered":"Cable F\/UTP para exteriores Cat6<br>VLT-C025"},"content":{"rendered":"","protected":false},"excerpt":{"rendered":"<h2><span style=\"color: #ff6600;\">Cable F\/UTP para exteriores Cat6<\/span><\/h2>\n<p>Nuestro cable F\/UTP de categor\u00eda 6 para exteriores consta de cuatro pares trenzados laminados\/sin blindaje de hilos de cobre de 23 AWG.\u00a0Fabricado de acuerdo con los m\u00e1s altos est\u00e1ndares de transmisi\u00f3n de datos para redes LAN, la configuraci\u00f3n de par trenzado Cat 6 garantiza un rendimiento superior;\u00a0es perfecto para cualquier instalaci\u00f3n que requiera cable de exterior de alta resistencia.\u00a0Protegido de cualquier clima u otros factores externos con una cubierta de polietileno de alta densidad (HDPE), tipo CMX, 23AWG x 4P ANSI\/TIA-568-C.2, ISO\/IEC 11801 Cable horizontal (conductor s\u00f3lido).\u00a0Disponible en un carrete de madera con 1000 pies (305 m) de cable.<\/p>\n<p>INTRODUCCI\u00d3N<br \/>\nLos cables s\u00f3lidos son los m ejores cables de par trenzado del m ercado para transmitir datos a trav\u00e9s de redes de \u00e1rea local.<br \/>\n(LAN). Estos cables superan los requisitos de rendimiento especi\ufb01cados por TIA\/EIA-568C.2 e IEC<br \/>\n60603-7-4 norm as.<br \/>\nA medida que la transmisi\u00f3n de video y multimedia a trav\u00e9s de LAN est\u00e1 ganando popularidad, los usuarios exigen una transmisi\u00f3n<br \/>\nde datos m\u00e1s r\u00e1pida y tiempo de espera reducido. Los cables son ideales para un rendimiento de transmisi\u00f3n simple, rentable y de alta velocidad.<br \/>\nAdmiten una mayor relaci\u00f3n se\u00f1al-ruido, lo que proporciona una mejor con\ufb01abilidad para las aplicaciones actuales y datos m\u00e1s altos.<br \/>\ntasas para futuras aplicaciones.<\/p>\n<p><a href=\"https:\/\/volt-power.com\/wp-content\/uploads\/2023\/03\/VLT-C025_compressed.pdf\" target=\"_blank\" rel=\"noopener\"><img loading=\"lazy\" decoding=\"async\" class=\"alignright wp-image-3474\" src=\"https:\/\/volt-power.com\/wp-content\/uploads\/2023\/03\/6-150x150.png\" alt=\"\" width=\"100\" height=\"105\" srcset=\"https:\/\/volt-power.com\/wp-content\/uploads\/2023\/03\/6-600x628.png 600w, https:\/\/volt-power.com\/wp-content\/uploads\/2023\/03\/6-287x300.png 287w, https:\/\/volt-power.com\/wp-content\/uploads\/2023\/03\/6-768x803.png 768w, https:\/\/volt-power.com\/wp-content\/uploads\/2023\/03\/6.png 784w\" sizes=\"auto, (max-width: 100px) 100vw, 100px\" \/><\/a><\/p>","protected":false},"featured_media":4822,"comment_status":"open","ping_status":"closed","template":"","meta":[],"product_cat":[60,47],"product_tag":[],"class_list":["post-3416","product","type-product","status-publish","has-post-thumbnail","hentry","product_cat-cable-utp","product_cat-redes"],"_links":{"self":[{"href":"https:\/\/volt-power.com\/en\/wp-json\/wp\/v2\/product\/3416","targetHints":{"allow":["GET"]}}],"collection":[{"href":"https:\/\/volt-power.com\/en\/wp-json\/wp\/v2\/product"}],"about":[{"href":"https:\/\/volt-power.com\/en\/wp-json\/wp\/v2\/types\/product"}],"replies":[{"embeddable":true,"href":"https:\/\/volt-power.com\/en\/wp-json\/wp\/v2\/comments?post=3416"}],"wp:featuredmedia":[{"embeddable":true,"href":"https:\/\/volt-power.com\/en\/wp-json\/wp\/v2\/media\/4822"}],"wp:attachment":[{"href":"https:\/\/volt-power.com\/en\/wp-json\/wp\/v2\/media?parent=3416"}],"wp:term":[{"taxonomy":"product_cat","embeddable":true,"href":"https:\/\/volt-power.com\/en\/wp-json\/wp\/v2\/product_cat?post=3416"},{"taxonomy":"product_tag","embeddable":true,"href":"https:\/\/volt-power.com\/en\/wp-json\/wp\/v2\/product_tag?post=3416"}],"curies":[{"name":"wp","href":"https:\/\/api.w.org\/{rel}","templated":true}]}}