{"id":3409,"date":"2023-03-23T21:13:38","date_gmt":"2023-03-23T21:13:38","guid":{"rendered":"https:\/\/volt-power.com\/?post_type=product&#038;p=3409"},"modified":"2024-08-01T13:41:27","modified_gmt":"2024-08-01T13:41:27","slug":"cable-utp-cat5e-vlt-c023","status":"publish","type":"product","link":"https:\/\/volt-power.com\/en\/product\/cable-utp-cat5e-vlt-c023\/","title":{"rendered":"Cable UTP Cat5e <br>VLT-C023"},"content":{"rendered":"<p class=\"mb-2 ff-jura\" data-v-2ad5fcf0=\"\"><b data-v-2ad5fcf0=\"\">Pares:<\/b>\u00a04P<\/p>\n<p class=\"mb-2 ff-jura\" data-v-2ad5fcf0=\"\"><b data-v-2ad5fcf0=\"\">Calibre:<\/b>\u00a024AWG<\/p>\n<p class=\"mb-2 ff-jura\" data-v-2ad5fcf0=\"\"><b data-v-2ad5fcf0=\"\">Blindaje:<\/b>\u00a0U\/UTP<\/p>\n<p class=\"mb-2 ff-jura\" data-v-2ad5fcf0=\"\"><b data-v-2ad5fcf0=\"\">Resistencia al fuego:<\/b>\u00a0CM<\/p>\n<p class=\"mb-2 ff-jura\" data-v-2ad5fcf0=\"\"><b data-v-2ad5fcf0=\"\">Longitud:\u00a0<\/b><span data-v-2ad5fcf0=\"\">305 m\/1000 pies,\u00a0<\/span><span data-v-2ad5fcf0=\"\">328 pies\/100 m<\/span><\/p>","protected":false},"excerpt":{"rendered":"<h2><span style=\"color: #ff6600;\">Cable UTP Cat5e<\/span><\/h2>\n<p>\u00b7 Dise\u00f1ado para la transm isi\u00f3n de datos a alta velocidad<br \/>\n\u00b7 Cum ple con todas las norm as internacionales el\u00e9ctricas y de<br \/>\ntelecom unicaciones<br \/>\n\u00b7 Ideal para todo tipo de instalaci\u00f3n de cableado estructurado<br \/>\nProyecto de cableado de red inform \u00e1tica Com unicaci\u00f3n de red<br \/>\nde banda ancha<br \/>\nRed Digital ISDN y ATM Red 155Mbps Red Ethernet<br \/>\nTransmisi\u00f3n de audio y datos.<\/p>\n<p>Nuestro cable UTP categor\u00eda 5E est\u00e1 dise\u00f1ado para la transmisi\u00f3n de datos de alta velocidad y consta de 4 pares de cables de cobre de 24 AWG.\u00a0Fabricado de acuerdo con los m\u00e1s altos est\u00e1ndares de transmisi\u00f3n de datos para redes LAN, la configuraci\u00f3n de par trenzado Cat.5E garantiza un rendimiento superior y cumple con todos los est\u00e1ndares el\u00e9ctricos y de telecomunicaciones internacionales, incluidos ANSI\/- TIA\/EIA-568 C.2 e ISO\/IEC 11801 Es perfecto para instalaciones de cable estructurado de todo tipo.\u00a0Viene en cajas con 2 presentaciones: carretes de 1000 y 328 pies (100 y 300 metros)<\/p>\n<p><a href=\"https:\/\/volt-power.com\/wp-content\/uploads\/2023\/03\/VLT-C023_compressed.pdf\" target=\"_blank\" rel=\"noopener\"><img loading=\"lazy\" decoding=\"async\" class=\"alignright wp-image-3474\" src=\"https:\/\/volt-power.com\/wp-content\/uploads\/2023\/03\/6-287x300.png\" alt=\"\" width=\"100\" height=\"105\" srcset=\"https:\/\/volt-power.com\/wp-content\/uploads\/2023\/03\/6-287x300.png 287w, https:\/\/volt-power.com\/wp-content\/uploads\/2023\/03\/6-600x628.png 600w, https:\/\/volt-power.com\/wp-content\/uploads\/2023\/03\/6-768x803.png 768w, https:\/\/volt-power.com\/wp-content\/uploads\/2023\/03\/6.png 784w\" sizes=\"auto, (max-width: 100px) 100vw, 100px\" \/><\/a><\/p>","protected":false},"featured_media":4823,"comment_status":"open","ping_status":"closed","template":"","meta":[],"product_cat":[60,47],"product_tag":[],"class_list":["post-3409","product","type-product","status-publish","has-post-thumbnail","hentry","product_cat-cable-utp","product_cat-redes"],"_links":{"self":[{"href":"https:\/\/volt-power.com\/en\/wp-json\/wp\/v2\/product\/3409","targetHints":{"allow":["GET"]}}],"collection":[{"href":"https:\/\/volt-power.com\/en\/wp-json\/wp\/v2\/product"}],"about":[{"href":"https:\/\/volt-power.com\/en\/wp-json\/wp\/v2\/types\/product"}],"replies":[{"embeddable":true,"href":"https:\/\/volt-power.com\/en\/wp-json\/wp\/v2\/comments?post=3409"}],"wp:featuredmedia":[{"embeddable":true,"href":"https:\/\/volt-power.com\/en\/wp-json\/wp\/v2\/media\/4823"}],"wp:attachment":[{"href":"https:\/\/volt-power.com\/en\/wp-json\/wp\/v2\/media?parent=3409"}],"wp:term":[{"taxonomy":"product_cat","embeddable":true,"href":"https:\/\/volt-power.com\/en\/wp-json\/wp\/v2\/product_cat?post=3409"},{"taxonomy":"product_tag","embeddable":true,"href":"https:\/\/volt-power.com\/en\/wp-json\/wp\/v2\/product_tag?post=3409"}],"curies":[{"name":"wp","href":"https:\/\/api.w.org\/{rel}","templated":true}]}}