{"id":3383,"date":"2023-03-23T16:25:02","date_gmt":"2023-03-23T16:25:02","guid":{"rendered":"https:\/\/volt-power.com\/?post_type=product&#038;p=3383"},"modified":"2024-08-01T15:51:37","modified_gmt":"2024-08-01T15:51:37","slug":"soporte-con-inclinacion-y-giro-32-a-55vlt-br021","status":"publish","type":"product","link":"https:\/\/volt-power.com\/en\/product\/soporte-con-inclinacion-y-giro-32-a-55vlt-br021\/","title":{"rendered":"Soporte con inclinaci\u00f3n y giro 32\u201d a  55\u201d<br>VLT-BR021"},"content":{"rendered":"<ul>\n<li>Tama\u00f1o: 32\u201d a 55\u201d<\/li>\n<li>Capacidad de Carga: 45 Kg.<\/li>\n<li>Compatible Vesa: Hasta 400 x 400 mm<\/li>\n<li>Angulo de inclinaci\u00f3n: 10\u00aa &#8211; 12\u00aa<\/li>\n<li>Angulo de giro: 90\u00aa<\/li>\n<li>Dimensiones: 55.2&#215;40.8&#215;23.9<\/li>\n<li>Material: Acero<\/li>\n<li>Peso: 5 Kg.<\/li>\n<li>Color: Negro<\/li>\n<\/ul>","protected":false},"excerpt":{"rendered":"<h2><span style=\"color: #ff6600;\">Soporte con inclinaci\u00f3n y giro 32\u201d a 55\u201d<\/span><\/h2>\n<p>Volt te proporciona este soporte articulado con doble brazo, con inclinaci\u00f3n y giro dise\u00f1ado para montar pantallas de plasma, LED y LCD de hasta 55 pulgadas de forma segura, compatible con VESA, puedes usarlo con televisores convencionales y con paneles curvos de \u00faltima generaci\u00f3n, Los dos brazos garantizan la instalaci\u00f3n r\u00e1pida y segura de la pantalla.<\/p>\n<p><a href=\"https:\/\/volt-power.com\/wp-content\/uploads\/2023\/03\/VLT-BR021.pdf\" target=\"_blank\" rel=\"noopener\"><img loading=\"lazy\" decoding=\"async\" class=\"alignright wp-image-3474\" src=\"https:\/\/volt-power.com\/wp-content\/uploads\/2023\/03\/6-150x150.png\" alt=\"\" width=\"100\" height=\"105\" srcset=\"https:\/\/volt-power.com\/wp-content\/uploads\/2023\/03\/6-600x628.png 600w, https:\/\/volt-power.com\/wp-content\/uploads\/2023\/03\/6-287x300.png 287w, https:\/\/volt-power.com\/wp-content\/uploads\/2023\/03\/6-768x803.png 768w, https:\/\/volt-power.com\/wp-content\/uploads\/2023\/03\/6.png 784w\" sizes=\"auto, (max-width: 100px) 100vw, 100px\" \/><\/a><\/p>","protected":false},"featured_media":4846,"comment_status":"open","ping_status":"closed","template":"","meta":[],"product_cat":[46,61],"product_tag":[],"class_list":["post-3383","product","type-product","status-publish","has-post-thumbnail","hentry","product_cat-audivisuales","product_cat-soportes-tv"],"_links":{"self":[{"href":"https:\/\/volt-power.com\/en\/wp-json\/wp\/v2\/product\/3383","targetHints":{"allow":["GET"]}}],"collection":[{"href":"https:\/\/volt-power.com\/en\/wp-json\/wp\/v2\/product"}],"about":[{"href":"https:\/\/volt-power.com\/en\/wp-json\/wp\/v2\/types\/product"}],"replies":[{"embeddable":true,"href":"https:\/\/volt-power.com\/en\/wp-json\/wp\/v2\/comments?post=3383"}],"wp:featuredmedia":[{"embeddable":true,"href":"https:\/\/volt-power.com\/en\/wp-json\/wp\/v2\/media\/4846"}],"wp:attachment":[{"href":"https:\/\/volt-power.com\/en\/wp-json\/wp\/v2\/media?parent=3383"}],"wp:term":[{"taxonomy":"product_cat","embeddable":true,"href":"https:\/\/volt-power.com\/en\/wp-json\/wp\/v2\/product_cat?post=3383"},{"taxonomy":"product_tag","embeddable":true,"href":"https:\/\/volt-power.com\/en\/wp-json\/wp\/v2\/product_tag?post=3383"}],"curies":[{"name":"wp","href":"https:\/\/api.w.org\/{rel}","templated":true}]}}