{"id":3374,"date":"2023-03-23T16:04:23","date_gmt":"2023-03-23T16:04:23","guid":{"rendered":"https:\/\/volt-power.com\/?post_type=product&#038;p=3374"},"modified":"2024-08-01T15:53:48","modified_gmt":"2024-08-01T15:53:48","slug":"articulado-con-inclinacion-32-a-70vlt-br018","status":"publish","type":"product","link":"https:\/\/volt-power.com\/en\/product\/articulado-con-inclinacion-32-a-70vlt-br018\/","title":{"rendered":"Articulado con inclinaci\u00f3n 32\u201d a  70\u201d<br>VLT-BR018"},"content":{"rendered":"<ul>\n<li>Tama\u00f1o: 32\u201d a 70\u201d<\/li>\n<li>Capacidad de Carga: 50 Kg.<\/li>\n<li>Compatible Vesa: Hasta 600 x 400 mm<\/li>\n<li>Angulo de inclinaci\u00f3n: 12\u00aa<\/li>\n<li>Dimensiones: 66.5&#215;32.5&#215;24<\/li>\n<li>Material: Acero<\/li>\n<li>Peso: 2 Kg.<\/li>\n<li>Color: Negro<\/li>\n<\/ul>","protected":false},"excerpt":{"rendered":"<h2><span style=\"color: #ff6600;\">Articulado con inclinaci\u00f3n de 32\u201d a 70\u201d<\/span><\/h2>\n<p>Volt te proporciona este soporte de inclinaci\u00f3n dise\u00f1ado para montar firmemente pantallas LED\/LCD y de plasma de hasta 70 pulgadas, S\u00f3lida estructura de acero de gran espesor, Puede inclinarse 12 grados para obtener el \u00e1ngulo de visi\u00f3n perfecto.<\/p>\n<p><a href=\"https:\/\/volt-power.com\/wp-content\/uploads\/2023\/03\/VLT-BR018.pdf\" target=\"_blank\" rel=\"noopener\"><img loading=\"lazy\" decoding=\"async\" class=\"alignright wp-image-3474\" src=\"https:\/\/volt-power.com\/wp-content\/uploads\/2023\/03\/6-150x150.png\" alt=\"\" width=\"100\" height=\"105\" srcset=\"https:\/\/volt-power.com\/wp-content\/uploads\/2023\/03\/6-600x628.png 600w, https:\/\/volt-power.com\/wp-content\/uploads\/2023\/03\/6-287x300.png 287w, https:\/\/volt-power.com\/wp-content\/uploads\/2023\/03\/6-768x803.png 768w, https:\/\/volt-power.com\/wp-content\/uploads\/2023\/03\/6.png 784w\" sizes=\"auto, (max-width: 100px) 100vw, 100px\" \/><\/a><\/p>","protected":false},"featured_media":4844,"comment_status":"open","ping_status":"closed","template":"","meta":[],"product_cat":[46,61],"product_tag":[],"class_list":["post-3374","product","type-product","status-publish","has-post-thumbnail","hentry","product_cat-audivisuales","product_cat-soportes-tv"],"_links":{"self":[{"href":"https:\/\/volt-power.com\/en\/wp-json\/wp\/v2\/product\/3374","targetHints":{"allow":["GET"]}}],"collection":[{"href":"https:\/\/volt-power.com\/en\/wp-json\/wp\/v2\/product"}],"about":[{"href":"https:\/\/volt-power.com\/en\/wp-json\/wp\/v2\/types\/product"}],"replies":[{"embeddable":true,"href":"https:\/\/volt-power.com\/en\/wp-json\/wp\/v2\/comments?post=3374"}],"wp:featuredmedia":[{"embeddable":true,"href":"https:\/\/volt-power.com\/en\/wp-json\/wp\/v2\/media\/4844"}],"wp:attachment":[{"href":"https:\/\/volt-power.com\/en\/wp-json\/wp\/v2\/media?parent=3374"}],"wp:term":[{"taxonomy":"product_cat","embeddable":true,"href":"https:\/\/volt-power.com\/en\/wp-json\/wp\/v2\/product_cat?post=3374"},{"taxonomy":"product_tag","embeddable":true,"href":"https:\/\/volt-power.com\/en\/wp-json\/wp\/v2\/product_tag?post=3374"}],"curies":[{"name":"wp","href":"https:\/\/api.w.org\/{rel}","templated":true}]}}