{"id":3369,"date":"2023-03-23T15:30:52","date_gmt":"2023-03-23T15:30:52","guid":{"rendered":"https:\/\/volt-power.com\/?post_type=product&#038;p=3369"},"modified":"2024-08-01T15:54:46","modified_gmt":"2024-08-01T15:54:46","slug":"articulado-con-inclinacion-y-giro-32-a-70vlt-br013","status":"publish","type":"product","link":"https:\/\/volt-power.com\/en\/product\/articulado-con-inclinacion-y-giro-32-a-70vlt-br013\/","title":{"rendered":"Articulado con inclinaci\u00f3n y giro 32\u201d a  70\u201d<br>VLT-BR013"},"content":{"rendered":"<ul>\n<li>Tama\u00f1o: 32\u201d a 70\u201d<\/li>\n<li>Capacidad de Carga: 50 Kg.<\/li>\n<li>Compatible Vesa: Hasta 600x 400 m m<\/li>\n<li>Angulo de inclinaci\u00f3n: 15\u00aa<\/li>\n<li>Dimensiones: 69.5&#215;39.2&#215;19.5<\/li>\n<li>Material: Acero<\/li>\n<li>Peso: 4.8 Kg.<\/li>\n<li>Color: Negro<\/li>\n<\/ul>","protected":false},"excerpt":{"rendered":"<h2><span style=\"color: #ff6600;\">Articulado con inclinaci\u00f3n y giro 32\u201d a 70\u201d<\/span><\/h2>\n<p>Volt te proporciona este soporte giratorio e inclinable articulado dise\u00f1ado para montar firmemente pantallas LED\/LCD y de plasma de hasta 70 pulgadas, Compatible con VESA compatible con televisores curvos est\u00e1ndar y de \u00faltima generaci\u00f3n, Los brazos dobles garantizan la instalaci\u00f3n segura de la pantalla, y disfrutar de tus pel\u00edculas en tu tv.<\/p>\n<p><a href=\"https:\/\/volt-power.com\/wp-content\/uploads\/2023\/03\/VLT-BR013.pdf\" target=\"_blank\" rel=\"noopener\"><img loading=\"lazy\" decoding=\"async\" class=\"alignright wp-image-3474\" src=\"https:\/\/volt-power.com\/wp-content\/uploads\/2023\/03\/6-150x150.png\" alt=\"\" width=\"100\" height=\"105\" srcset=\"https:\/\/volt-power.com\/wp-content\/uploads\/2023\/03\/6-600x628.png 600w, https:\/\/volt-power.com\/wp-content\/uploads\/2023\/03\/6-287x300.png 287w, https:\/\/volt-power.com\/wp-content\/uploads\/2023\/03\/6-768x803.png 768w, https:\/\/volt-power.com\/wp-content\/uploads\/2023\/03\/6.png 784w\" sizes=\"auto, (max-width: 100px) 100vw, 100px\" \/><\/a><\/p>\n<p>&nbsp;<\/p>\n<p>&nbsp;<\/p>","protected":false},"featured_media":4843,"comment_status":"open","ping_status":"closed","template":"","meta":[],"product_cat":[46,61],"product_tag":[],"class_list":["post-3369","product","type-product","status-publish","has-post-thumbnail","hentry","product_cat-audivisuales","product_cat-soportes-tv"],"_links":{"self":[{"href":"https:\/\/volt-power.com\/en\/wp-json\/wp\/v2\/product\/3369","targetHints":{"allow":["GET"]}}],"collection":[{"href":"https:\/\/volt-power.com\/en\/wp-json\/wp\/v2\/product"}],"about":[{"href":"https:\/\/volt-power.com\/en\/wp-json\/wp\/v2\/types\/product"}],"replies":[{"embeddable":true,"href":"https:\/\/volt-power.com\/en\/wp-json\/wp\/v2\/comments?post=3369"}],"wp:featuredmedia":[{"embeddable":true,"href":"https:\/\/volt-power.com\/en\/wp-json\/wp\/v2\/media\/4843"}],"wp:attachment":[{"href":"https:\/\/volt-power.com\/en\/wp-json\/wp\/v2\/media?parent=3369"}],"wp:term":[{"taxonomy":"product_cat","embeddable":true,"href":"https:\/\/volt-power.com\/en\/wp-json\/wp\/v2\/product_cat?post=3369"},{"taxonomy":"product_tag","embeddable":true,"href":"https:\/\/volt-power.com\/en\/wp-json\/wp\/v2\/product_tag?post=3369"}],"curies":[{"name":"wp","href":"https:\/\/api.w.org\/{rel}","templated":true}]}}