{"id":3364,"date":"2023-03-23T14:57:43","date_gmt":"2023-03-23T14:57:43","guid":{"rendered":"https:\/\/volt-power.com\/?post_type=product&#038;p=3364"},"modified":"2024-08-01T15:55:30","modified_gmt":"2024-08-01T15:55:30","slug":"articulado-con-inclinacion-y-giro-14-a-42vlt-br012","status":"publish","type":"product","link":"https:\/\/volt-power.com\/en\/product\/articulado-con-inclinacion-y-giro-14-a-42vlt-br012\/","title":{"rendered":"Articulado con inclinaci\u00f3n y giro 14\u201d a 42\u201d<br>VLT-BR012"},"content":{"rendered":"<ul>\n<li>Tama\u00f1o: 14\u201d a 42\u201d<\/li>\n<li>Capacidad de Carga: 30 Kg.<\/li>\n<li>Compatible Vesa: Hasta 400 x 400 mm<\/li>\n<li>Angulo de inclinaci\u00f3n: 5\u00aa &#8211; 15\u00aa<\/li>\n<li>Angulo de Giro: 180\u00aa<\/li>\n<li>Dimensiones: 66.5x30x24<\/li>\n<li>Material: Acero<\/li>\n<li>Peso: 3 Kg.<\/li>\n<li>Color: Negro<\/li>\n<\/ul>","protected":false},"excerpt":{"rendered":"<h2><span style=\"color: #ff6600;\">Soporte con inclinaci\u00f3n y giro 14\u201d a 42\u201d<\/span><\/h2>\n<p>Volt te proporciona este soporte con inclinaci\u00f3n dise\u00f1ado para montar firmemente pantallas LED\/LCD y de plasma de hasta 42 pulgadas, S\u00f3lida estructura de acero de gran espesor, Puede inclinarse 15 grados para obtener el \u00e1ngulo de visi\u00f3n perfecto.<\/p>\n<p><a href=\"https:\/\/volt-power.com\/wp-content\/uploads\/2023\/03\/VLT-BR012.pdf\" target=\"_blank\" rel=\"noopener\"><img loading=\"lazy\" decoding=\"async\" class=\"alignright wp-image-3474\" src=\"https:\/\/volt-power.com\/wp-content\/uploads\/2023\/03\/6-150x150.png\" alt=\"\" width=\"100\" height=\"105\" srcset=\"https:\/\/volt-power.com\/wp-content\/uploads\/2023\/03\/6-600x628.png 600w, https:\/\/volt-power.com\/wp-content\/uploads\/2023\/03\/6-287x300.png 287w, https:\/\/volt-power.com\/wp-content\/uploads\/2023\/03\/6-768x803.png 768w, https:\/\/volt-power.com\/wp-content\/uploads\/2023\/03\/6.png 784w\" sizes=\"auto, (max-width: 100px) 100vw, 100px\" \/><\/a><\/p>\n<p>&nbsp;<\/p>\n<p>&nbsp;<\/p>\n<p>&nbsp;<\/p>\n<p>&nbsp;<\/p>","protected":false},"featured_media":4842,"comment_status":"open","ping_status":"closed","template":"","meta":[],"product_cat":[46,61],"product_tag":[],"class_list":["post-3364","product","type-product","status-publish","has-post-thumbnail","hentry","product_cat-audivisuales","product_cat-soportes-tv"],"_links":{"self":[{"href":"https:\/\/volt-power.com\/en\/wp-json\/wp\/v2\/product\/3364","targetHints":{"allow":["GET"]}}],"collection":[{"href":"https:\/\/volt-power.com\/en\/wp-json\/wp\/v2\/product"}],"about":[{"href":"https:\/\/volt-power.com\/en\/wp-json\/wp\/v2\/types\/product"}],"replies":[{"embeddable":true,"href":"https:\/\/volt-power.com\/en\/wp-json\/wp\/v2\/comments?post=3364"}],"wp:featuredmedia":[{"embeddable":true,"href":"https:\/\/volt-power.com\/en\/wp-json\/wp\/v2\/media\/4842"}],"wp:attachment":[{"href":"https:\/\/volt-power.com\/en\/wp-json\/wp\/v2\/media?parent=3364"}],"wp:term":[{"taxonomy":"product_cat","embeddable":true,"href":"https:\/\/volt-power.com\/en\/wp-json\/wp\/v2\/product_cat?post=3364"},{"taxonomy":"product_tag","embeddable":true,"href":"https:\/\/volt-power.com\/en\/wp-json\/wp\/v2\/product_tag?post=3364"}],"curies":[{"name":"wp","href":"https:\/\/api.w.org\/{rel}","templated":true}]}}