{"id":3360,"date":"2023-03-23T14:12:52","date_gmt":"2023-03-23T14:12:52","guid":{"rendered":"https:\/\/volt-power.com\/?post_type=product&#038;p=3360"},"modified":"2024-08-01T15:56:13","modified_gmt":"2024-08-01T15:56:13","slug":"articulado-con-inclinacion-y-giro-17-a-52vlt-br011","status":"publish","type":"product","link":"https:\/\/volt-power.com\/en\/product\/articulado-con-inclinacion-y-giro-17-a-52vlt-br011\/","title":{"rendered":"Articulado con inclinaci\u00f3n y giro 17\u201d a 52\u201d<br>VLT-BR011"},"content":{"rendered":"<ul>\n<li>Tama\u00f1o: 17\u201d a 52\u201d<\/li>\n<li>Capacidad de Carga: 30 Kg.<\/li>\n<li>Compatible Vesa: Hasta 400 x 400<\/li>\n<li>Angulo de inclinaci\u00f3n: 3\u00aa &#8211; 10\u00aa<\/li>\n<li>Angulo de Giro: 90\u00aa<\/li>\n<li>Dimensiones: 43.5&#215;31.5&#215;24.3<\/li>\n<li>Material: Acero y pl\u00e1stico<\/li>\n<li>Peso: 3 Kg.<\/li>\n<li>Color: Negro<\/li>\n<\/ul>","protected":false},"excerpt":{"rendered":"<h2><span style=\"color: #ff6600;\">Articulado con inclinaci\u00f3n y giro 17\u201d a 52\u201d<\/span><\/h2>\n<p>Volt trae un soporte giratorio e inclinable articulado dise\u00f1ado para montar firmemente pantallas LED\/LCD y de plasma de 17 hasta 52 pulgadas Compatible con VESA compatible con televisores curvos est\u00e1ndar y de \u00faltima generaci\u00f3n Se inclina hasta 10 grados para obtener el \u00e1ngulo de visi\u00f3n perfecto.<\/p>\n<p><a href=\"https:\/\/volt-power.com\/wp-content\/uploads\/2023\/03\/VLT-BR011.pdf\" target=\"_blank\" rel=\"noopener\"><img loading=\"lazy\" decoding=\"async\" class=\"alignright wp-image-3474\" src=\"https:\/\/volt-power.com\/wp-content\/uploads\/2023\/03\/6-150x150.png\" alt=\"\" width=\"100\" height=\"105\" srcset=\"https:\/\/volt-power.com\/wp-content\/uploads\/2023\/03\/6-600x628.png 600w, https:\/\/volt-power.com\/wp-content\/uploads\/2023\/03\/6-287x300.png 287w, https:\/\/volt-power.com\/wp-content\/uploads\/2023\/03\/6-768x803.png 768w, https:\/\/volt-power.com\/wp-content\/uploads\/2023\/03\/6.png 784w\" sizes=\"auto, (max-width: 100px) 100vw, 100px\" \/><\/a><\/p>","protected":false},"featured_media":4841,"comment_status":"open","ping_status":"closed","template":"","meta":[],"product_cat":[46,61],"product_tag":[],"class_list":["post-3360","product","type-product","status-publish","has-post-thumbnail","hentry","product_cat-audivisuales","product_cat-soportes-tv"],"_links":{"self":[{"href":"https:\/\/volt-power.com\/en\/wp-json\/wp\/v2\/product\/3360","targetHints":{"allow":["GET"]}}],"collection":[{"href":"https:\/\/volt-power.com\/en\/wp-json\/wp\/v2\/product"}],"about":[{"href":"https:\/\/volt-power.com\/en\/wp-json\/wp\/v2\/types\/product"}],"replies":[{"embeddable":true,"href":"https:\/\/volt-power.com\/en\/wp-json\/wp\/v2\/comments?post=3360"}],"wp:featuredmedia":[{"embeddable":true,"href":"https:\/\/volt-power.com\/en\/wp-json\/wp\/v2\/media\/4841"}],"wp:attachment":[{"href":"https:\/\/volt-power.com\/en\/wp-json\/wp\/v2\/media?parent=3360"}],"wp:term":[{"taxonomy":"product_cat","embeddable":true,"href":"https:\/\/volt-power.com\/en\/wp-json\/wp\/v2\/product_cat?post=3360"},{"taxonomy":"product_tag","embeddable":true,"href":"https:\/\/volt-power.com\/en\/wp-json\/wp\/v2\/product_tag?post=3360"}],"curies":[{"name":"wp","href":"https:\/\/api.w.org\/{rel}","templated":true}]}}