{"id":3354,"date":"2023-03-23T13:30:37","date_gmt":"2023-03-23T13:30:37","guid":{"rendered":"https:\/\/volt-power.com\/?post_type=product&#038;p=3354"},"modified":"2024-08-01T15:59:52","modified_gmt":"2024-08-01T15:59:52","slug":"pantalla-de-proyeccion-de-120-con-tripodevlt-b013","status":"publish","type":"product","link":"https:\/\/volt-power.com\/en\/product\/pantalla-de-proyeccion-de-120-con-tripodevlt-b013\/","title":{"rendered":"Pantalla de proyecci\u00f3n de 120&#8243; con tr\u00edpode<br>VLT-B017"},"content":{"rendered":"<ul>\n<li>Tipo de operaci\u00f3n: Operaci\u00f3n con tr\u00edpode<\/li>\n<li>Tipo de base: Pared y cielo raso<\/li>\n<li>Material de la pantalla: Capas exteriores de PVC, capa interior de tela<\/li>\n<li>Dimensiones: 94,4inx70,9in\/2,40&#215;1,80m<\/li>\n<li>Tama\u00f1o m\u00e1ximo de la pantalla (diagonal): 100in\/2,54m \/ 120in\/3,0<\/li>\n<li>Relaci\u00f3n de aspecto: 4:3<\/li>\n<\/ul>","protected":false},"excerpt":{"rendered":"<h2><span style=\"color: #ff6600;\">Pantalla de proyecci\u00f3n de 120&#8243; con tr\u00edpode<\/span><\/h2>\n<p>VOLT trae esta pantalla de proyecci\u00f3n es ideal para usar en aulas, auditorios o salas de conferencia, o tu sala de cine en tu hogar, su resistente plataforma estilo tr\u00edpode hace extremadamente portable, ya que puede armarse en solo minuto y se pliega f\u00e1cilmente cuando no lo estas utilizando, un acabado mate evita que el brillo y el reflejo dificulten la visi\u00f3n.\u00a0Disponible con la cubierta en color blanco<\/p>\n<ul>\n<li>Disponible con la cubierta en color blanco<\/li>\n<li>Pantalla de color blanco mate<\/li>\n<li>Grosor de la pantalla: 0,42mm +\/-0,03in<\/li>\n<li>Grosor de la pantalla: 0,42mm +\/-0,03in<\/li>\n<\/ul>\n<p><a href=\"https:\/\/volt-power.com\/wp-content\/uploads\/2023\/12\/VLT-B016_compressed.pdf\" target=\"_blank\" rel=\"noopener\"><img loading=\"lazy\" decoding=\"async\" class=\"wp-image-3474 alignright\" src=\"https:\/\/volt-power.com\/wp-content\/uploads\/2023\/03\/6-287x300.png\" alt=\"\" width=\"100\" height=\"105\" srcset=\"https:\/\/volt-power.com\/wp-content\/uploads\/2023\/03\/6-287x300.png 287w, https:\/\/volt-power.com\/wp-content\/uploads\/2023\/03\/6-600x628.png 600w, https:\/\/volt-power.com\/wp-content\/uploads\/2023\/03\/6-768x803.png 768w, https:\/\/volt-power.com\/wp-content\/uploads\/2023\/03\/6.png 784w\" sizes=\"auto, (max-width: 100px) 100vw, 100px\" \/><\/a><\/p>","protected":false},"featured_media":4839,"comment_status":"open","ping_status":"closed","template":"","meta":[],"product_cat":[46,62],"product_tag":[],"class_list":["post-3354","product","type-product","status-publish","has-post-thumbnail","hentry","product_cat-audivisuales","product_cat-telones"],"_links":{"self":[{"href":"https:\/\/volt-power.com\/en\/wp-json\/wp\/v2\/product\/3354","targetHints":{"allow":["GET"]}}],"collection":[{"href":"https:\/\/volt-power.com\/en\/wp-json\/wp\/v2\/product"}],"about":[{"href":"https:\/\/volt-power.com\/en\/wp-json\/wp\/v2\/types\/product"}],"replies":[{"embeddable":true,"href":"https:\/\/volt-power.com\/en\/wp-json\/wp\/v2\/comments?post=3354"}],"wp:featuredmedia":[{"embeddable":true,"href":"https:\/\/volt-power.com\/en\/wp-json\/wp\/v2\/media\/4839"}],"wp:attachment":[{"href":"https:\/\/volt-power.com\/en\/wp-json\/wp\/v2\/media?parent=3354"}],"wp:term":[{"taxonomy":"product_cat","embeddable":true,"href":"https:\/\/volt-power.com\/en\/wp-json\/wp\/v2\/product_cat?post=3354"},{"taxonomy":"product_tag","embeddable":true,"href":"https:\/\/volt-power.com\/en\/wp-json\/wp\/v2\/product_tag?post=3354"}],"curies":[{"name":"wp","href":"https:\/\/api.w.org\/{rel}","templated":true}]}}