{"id":3348,"date":"2023-03-23T13:20:18","date_gmt":"2023-03-23T13:20:18","guid":{"rendered":"https:\/\/volt-power.com\/?post_type=product&#038;p=3348"},"modified":"2024-08-01T16:01:03","modified_gmt":"2024-08-01T16:01:03","slug":"pantalla-de-proyeccion-manual-de-pared-de-100vlt-b011","status":"publish","type":"product","link":"https:\/\/volt-power.com\/en\/product\/pantalla-de-proyeccion-manual-de-pared-de-100vlt-b011\/","title":{"rendered":"Pantalla de proyecci\u00f3n manual de pared de 100&#8243;<br>VLT-B015"},"content":{"rendered":"<ul>\n<li>Tipo de operaci\u00f3n: Operaci\u00f3n manual<\/li>\n<li>Tipo de base: Pared y cielo raso<\/li>\n<li>Material de la pantalla: Capas exteriores de PVC, capa interior de tela<\/li>\n<li>Dimensiones: 78,7inx59,1in\/2,00&#215;1,50m<\/li>\n<li>Tama\u00f1o m\u00e1ximo de la pantalla (diagonal): 100in\/2,54m<\/li>\n<li>Relaci\u00f3n de aspecto: 4:3<\/li>\n<\/ul>","protected":false},"excerpt":{"rendered":"<h2><span style=\"color: #ff6600;\">Pantalla de proyecci\u00f3n manual de pared de 100&#8243;<\/span><\/h2>\n<p>VOLT te tare esta pantalla de proyecci\u00f3n, es muy f\u00e1cil de usar, Simplemente despli\u00e9gala y vu\u00e9lvela a plegar cuando no la utilices, la misma queda trabada de forma autom\u00e1tica, donde su acabado mate evita que el brillo y el reflejo dificulten su pel\u00edcula o su proyecci\u00f3n, posee sistema de montaje dual para instalar en la pared o el cielo raso.<\/p>\n<ul>\n<li>Pantalla para proyecci\u00f3n, operaci\u00f3n manual y seguro autom\u00e1tico<\/li>\n<li>Para instalar en la pared o en el cielo raso<\/li>\n<li>Disponible con la cubierta en color Negro<\/li>\n<li>Pantalla de color blanco mate<\/li>\n<li>F\u00e1cil de instalar<\/li>\n<\/ul>\n<p><a href=\"https:\/\/volt-power.com\/wp-content\/uploads\/2023\/12\/VLT-B015_compressed.pdf\" target=\"_blank\" rel=\"noopener\"><img loading=\"lazy\" decoding=\"async\" class=\"alignright wp-image-3474\" src=\"https:\/\/volt-power.com\/wp-content\/uploads\/2023\/03\/6-287x300.png\" alt=\"\" width=\"100\" height=\"105\" srcset=\"https:\/\/volt-power.com\/wp-content\/uploads\/2023\/03\/6-287x300.png 287w, https:\/\/volt-power.com\/wp-content\/uploads\/2023\/03\/6-600x628.png 600w, https:\/\/volt-power.com\/wp-content\/uploads\/2023\/03\/6-768x803.png 768w, https:\/\/volt-power.com\/wp-content\/uploads\/2023\/03\/6.png 784w\" sizes=\"auto, (max-width: 100px) 100vw, 100px\" \/><\/a><\/p>","protected":false},"featured_media":4837,"comment_status":"open","ping_status":"closed","template":"","meta":[],"product_cat":[46,62],"product_tag":[],"class_list":["post-3348","product","type-product","status-publish","has-post-thumbnail","hentry","product_cat-audivisuales","product_cat-telones"],"_links":{"self":[{"href":"https:\/\/volt-power.com\/en\/wp-json\/wp\/v2\/product\/3348","targetHints":{"allow":["GET"]}}],"collection":[{"href":"https:\/\/volt-power.com\/en\/wp-json\/wp\/v2\/product"}],"about":[{"href":"https:\/\/volt-power.com\/en\/wp-json\/wp\/v2\/types\/product"}],"replies":[{"embeddable":true,"href":"https:\/\/volt-power.com\/en\/wp-json\/wp\/v2\/comments?post=3348"}],"wp:featuredmedia":[{"embeddable":true,"href":"https:\/\/volt-power.com\/en\/wp-json\/wp\/v2\/media\/4837"}],"wp:attachment":[{"href":"https:\/\/volt-power.com\/en\/wp-json\/wp\/v2\/media?parent=3348"}],"wp:term":[{"taxonomy":"product_cat","embeddable":true,"href":"https:\/\/volt-power.com\/en\/wp-json\/wp\/v2\/product_cat?post=3348"},{"taxonomy":"product_tag","embeddable":true,"href":"https:\/\/volt-power.com\/en\/wp-json\/wp\/v2\/product_tag?post=3348"}],"curies":[{"name":"wp","href":"https:\/\/api.w.org\/{rel}","templated":true}]}}