{"id":3342,"date":"2023-03-23T13:02:44","date_gmt":"2023-03-23T13:02:44","guid":{"rendered":"https:\/\/volt-power.com\/?post_type=product&#038;p=3342"},"modified":"2024-08-01T16:02:58","modified_gmt":"2024-08-01T16:02:58","slug":"estacion-de-acoplamiento-usb-tipo-c-para-computadora-portatil-6-en-1vlt-a022","status":"publish","type":"product","link":"https:\/\/volt-power.com\/en\/product\/estacion-de-acoplamiento-usb-tipo-c-para-computadora-portatil-6-en-1vlt-a022\/","title":{"rendered":"Estaci\u00f3n de acoplamiento USB tipo C para computadora port\u00e1til 6 en 1<br>VLT-A022"},"content":{"rendered":"<ul>\n<li>Tipo: Adaptador Tipo C<\/li>\n<li>Tipo de conector: 1* HDMI \/ 2 *USB 3.0 \/ 1*USB tipo C (datos)\/Ranura SD y Micro<\/li>\n<li>Resoluci\u00f3n: 4k*2k (3840*2160) 30hz y 4k*2k (3840*2160) 60hz<\/li>\n<li>Aplicaciones: Macbook, Laptop, celulares, tabletas, PC<\/li>\n<li>Distancia: hasta 10m<\/li>\n<li>Largo del cable: 50 cm<\/li>\n<li>Dimensiones: 180mm.<\/li>\n<\/ul>","protected":false},"excerpt":{"rendered":"<h2><span style=\"color: #ff6600;\">Estaci\u00f3n de acoplamiento USB tipo C para computadora port\u00e1til 6 en 1 (HDMI DisplayPort, Ethernet, Puertos SD\/TF, USB C\/A)<\/span><\/h2>\n<p>&nbsp;<\/p>\n<p>Especialmente dise\u00f1ado para MacBook y otros dispositivos habilitados est\u00e1ndar tipo C (completamente funcionales), expande 1 puerto USB C a m\u00faltiples puertos. Satisface todas tus necesidades con un hub.Plug and play para ampliar tus capacidades de MacBook, conveniente para llevarlo contigo en movimiento.<\/p>\n<p>[HDMI 4K de alta resoluci\u00f3n] el adaptador HDMI USB C le permite reproducir o ampliar la pantalla de su MacBook\/otro dispositivo tipo c a la TV, monitor o proyector con resoluci\u00f3n de hasta 4K UHD (3840&#215;2160 @ 30Hz) .<\/p>\n<p>Cuenta con 2 entradas USB 3.0 puertos de transferencia de datos a la velocidad de hasta 5Gbps y permiten para conectar tres perif\u00e9ricos simult\u00e1neamente incluyendo teclados ratones disco duro Compatible con USB 2.0, as\u00ed mismo dispositivos con ranuras SD y TF, se accede f\u00e1cilmente a leer tarjetas de memoria Micro SD de tel\u00e9fonos m\u00f3viles y tarjetas TF de c\u00e1maras al mismo tiempo. Admite tarjetas de memoria SD y tarjetas de memoria TF de hasta 512G. Herramienta Ideal para fot\u00f3grafos o dise\u00f1adores<\/p>\n<p><a href=\"https:\/\/volt-power.com\/wp-content\/uploads\/2023\/03\/VLT-A022_compressed.pdf\" target=\"_blank\" rel=\"noopener\"><img loading=\"lazy\" decoding=\"async\" class=\"alignright wp-image-3474\" src=\"https:\/\/volt-power.com\/wp-content\/uploads\/2023\/03\/6-287x300.png\" alt=\"\" width=\"100\" height=\"105\" srcset=\"https:\/\/volt-power.com\/wp-content\/uploads\/2023\/03\/6-287x300.png 287w, https:\/\/volt-power.com\/wp-content\/uploads\/2023\/03\/6-600x628.png 600w, https:\/\/volt-power.com\/wp-content\/uploads\/2023\/03\/6-768x803.png 768w, https:\/\/volt-power.com\/wp-content\/uploads\/2023\/03\/6.png 784w\" sizes=\"auto, (max-width: 100px) 100vw, 100px\" \/><\/a><\/p>\n<p>&nbsp;<\/p>","protected":false},"featured_media":4835,"comment_status":"open","ping_status":"closed","template":"","meta":[],"product_cat":[45,58],"product_tag":[],"class_list":["post-3342","product","type-product","status-publish","has-post-thumbnail","hentry","product_cat-accesorios","product_cat-cable-tipo-c"],"_links":{"self":[{"href":"https:\/\/volt-power.com\/en\/wp-json\/wp\/v2\/product\/3342","targetHints":{"allow":["GET"]}}],"collection":[{"href":"https:\/\/volt-power.com\/en\/wp-json\/wp\/v2\/product"}],"about":[{"href":"https:\/\/volt-power.com\/en\/wp-json\/wp\/v2\/types\/product"}],"replies":[{"embeddable":true,"href":"https:\/\/volt-power.com\/en\/wp-json\/wp\/v2\/comments?post=3342"}],"wp:featuredmedia":[{"embeddable":true,"href":"https:\/\/volt-power.com\/en\/wp-json\/wp\/v2\/media\/4835"}],"wp:attachment":[{"href":"https:\/\/volt-power.com\/en\/wp-json\/wp\/v2\/media?parent=3342"}],"wp:term":[{"taxonomy":"product_cat","embeddable":true,"href":"https:\/\/volt-power.com\/en\/wp-json\/wp\/v2\/product_cat?post=3342"},{"taxonomy":"product_tag","embeddable":true,"href":"https:\/\/volt-power.com\/en\/wp-json\/wp\/v2\/product_tag?post=3342"}],"curies":[{"name":"wp","href":"https:\/\/api.w.org\/{rel}","templated":true}]}}