{"id":3336,"date":"2023-03-22T22:59:26","date_gmt":"2023-03-22T22:59:26","guid":{"rendered":"https:\/\/volt-power.com\/?post_type=product&#038;p=3336"},"modified":"2024-08-01T16:04:44","modified_gmt":"2024-08-01T16:04:44","slug":"adaptador-de-sonido-estereo-usb-tipo-cvlt-a020","status":"publish","type":"product","link":"https:\/\/volt-power.com\/en\/product\/adaptador-de-sonido-estereo-usb-tipo-cvlt-a020\/","title":{"rendered":"Adaptador de sonido est\u00e9reo USB tipo C<br>VLT-A020"},"content":{"rendered":"<ul>\n<li>Referencia constructora: TPC522<\/li>\n<li>Compatibilidad del producto: Todos los dispositivos con puerto USB-C<\/li>\n<li>Color: Blanco<\/li>\n<li>Conexiones de entrada: USB-C<\/li>\n<li>Conector de salida: Jack 3,5<\/li>\n<li>Normas de seguridad: CE, RoHS<\/li>\n<li>Tipo de adaptador: Adaptador de audio<\/li>\n<\/ul>\n<p>&nbsp;<\/p>","protected":false},"excerpt":{"rendered":"<h2><span style=\"color: #ff6600;\">Adaptador de sonido est\u00e9reo USB tipo C<\/span><\/h2>\n<p>La tarjeta de sonido externa extiende un micr\u00f3fono y un puerto de audio al ordenador. Conexi\u00f3n USB con auriculares de audio de 3,5mm, auriculares, altavoces o micr\u00f3fono. Perfecto para evitar una tarjeta de sonido defectuosa, puerto de audio o como reemplazo del adaptador de audio USB. No requiere alimentaci\u00f3n externa.<\/p>\n<p><a href=\"https:\/\/volt-power.com\/wp-content\/uploads\/2023\/03\/VLT-A020_compressed.pdf\" target=\"_blank\" rel=\"noopener\"><img loading=\"lazy\" decoding=\"async\" class=\"alignright wp-image-3474\" src=\"https:\/\/volt-power.com\/wp-content\/uploads\/2023\/03\/6-287x300.png\" alt=\"\" width=\"100\" height=\"105\" srcset=\"https:\/\/volt-power.com\/wp-content\/uploads\/2023\/03\/6-287x300.png 287w, https:\/\/volt-power.com\/wp-content\/uploads\/2023\/03\/6-600x628.png 600w, https:\/\/volt-power.com\/wp-content\/uploads\/2023\/03\/6-768x803.png 768w, https:\/\/volt-power.com\/wp-content\/uploads\/2023\/03\/6.png 784w\" sizes=\"auto, (max-width: 100px) 100vw, 100px\" \/><\/a><\/p>\n<p>&nbsp;<\/p>","protected":false},"featured_media":4833,"comment_status":"open","ping_status":"closed","template":"","meta":[],"product_cat":[45,58],"product_tag":[],"class_list":["post-3336","product","type-product","status-publish","has-post-thumbnail","hentry","product_cat-accesorios","product_cat-cable-tipo-c"],"_links":{"self":[{"href":"https:\/\/volt-power.com\/en\/wp-json\/wp\/v2\/product\/3336","targetHints":{"allow":["GET"]}}],"collection":[{"href":"https:\/\/volt-power.com\/en\/wp-json\/wp\/v2\/product"}],"about":[{"href":"https:\/\/volt-power.com\/en\/wp-json\/wp\/v2\/types\/product"}],"replies":[{"embeddable":true,"href":"https:\/\/volt-power.com\/en\/wp-json\/wp\/v2\/comments?post=3336"}],"wp:featuredmedia":[{"embeddable":true,"href":"https:\/\/volt-power.com\/en\/wp-json\/wp\/v2\/media\/4833"}],"wp:attachment":[{"href":"https:\/\/volt-power.com\/en\/wp-json\/wp\/v2\/media?parent=3336"}],"wp:term":[{"taxonomy":"product_cat","embeddable":true,"href":"https:\/\/volt-power.com\/en\/wp-json\/wp\/v2\/product_cat?post=3336"},{"taxonomy":"product_tag","embeddable":true,"href":"https:\/\/volt-power.com\/en\/wp-json\/wp\/v2\/product_tag?post=3336"}],"curies":[{"name":"wp","href":"https:\/\/api.w.org\/{rel}","templated":true}]}}