{"id":3316,"date":"2023-03-22T13:58:58","date_gmt":"2023-03-22T13:58:58","guid":{"rendered":"https:\/\/volt-power.com\/?post_type=product&#038;p=3316"},"modified":"2024-08-01T16:06:15","modified_gmt":"2024-08-01T16:06:15","slug":"adaptador-wifi-usb-2-0-para-pc-600ac-doble-bandavlt-a018","status":"publish","type":"product","link":"https:\/\/volt-power.com\/en\/product\/adaptador-wifi-usb-2-0-para-pc-600ac-doble-bandavlt-a018\/","title":{"rendered":"Adaptador Wifi USB 2.0 para PC (600AC doble banda)<br>VLT-A018"},"content":{"rendered":"<ul>\n<li>Est\u00e1ndares: 2.4GHz IEEE802.11n, IEEE802.11g, IEEE 802.11b 5.0GHz: IEEE 802.11ac, IEEE 802.11n, IEEE 802.11\u00aa<\/li>\n<li>Interfaz: USB 2.0<\/li>\n<li>Antena: Dos internas, de 2dBi<\/li>\n<li>Velocidad inal\u00e1mbrica: 11ac: 433Mbps \/ 11n: 150Mbps<\/li>\n<li>Frecuencia: 2.4GHz\/5GHz<\/li>\n<li>Potencia de transmisi\u00f3n: 16dBm (m\u00e1x.)<\/li>\n<li>Sistema operativo compatible: Plataforma Windows y Mac OS<\/li>\n<\/ul>","protected":false},"excerpt":{"rendered":"<h2><span style=\"color: #ff6600;\">Adaptador Wifi USB 2.0 para PC<\/span><\/h2>\n<p>El VLT-A019 es la nueva generaci\u00f3n de adaptadores USB inal\u00e1mbricos AC de doble banda que se incorpora a la familia de Volt. Ahora puede compatibilizar su computador o notebook con el \u00faltimo protocolo 11ac, a llegar a alcanzar velocidades de transferencia de hasta 433Mbps en la banda de 5GHz y 150Mbps, en la de 2.4GHz. Con 600Mbps en 150Mbps, en la de 2.4GHz. Con 600Mbps en total a trav\u00e9s del flujo simult\u00e1neo por ambas bandas, permite navegar por la web, abrir el correo electr\u00f3nico, bajar videos en alta definici\u00f3n, acceder a aplicaciones de medios para m\u00f3vil as\u00ed como juegos, videos en l\u00ednea con toda fluidez.<\/p>\n<p><a href=\"https:\/\/volt-power.com\/wp-content\/uploads\/2023\/03\/VLT-A018_compressed.pdf\" target=\"_blank\" rel=\"noopener\"><img loading=\"lazy\" decoding=\"async\" class=\"alignright wp-image-3474\" src=\"https:\/\/volt-power.com\/wp-content\/uploads\/2023\/03\/6-287x300.png\" alt=\"\" width=\"100\" height=\"105\" srcset=\"https:\/\/volt-power.com\/wp-content\/uploads\/2023\/03\/6-287x300.png 287w, https:\/\/volt-power.com\/wp-content\/uploads\/2023\/03\/6-600x628.png 600w, https:\/\/volt-power.com\/wp-content\/uploads\/2023\/03\/6-768x803.png 768w, https:\/\/volt-power.com\/wp-content\/uploads\/2023\/03\/6.png 784w\" sizes=\"auto, (max-width: 100px) 100vw, 100px\" \/><\/a><\/p>","protected":false},"featured_media":4831,"comment_status":"open","ping_status":"closed","template":"","meta":[],"product_cat":[64,47],"product_tag":[],"class_list":["post-3316","product","type-product","status-publish","has-post-thumbnail","hentry","product_cat-adaptadores-wifi","product_cat-redes"],"_links":{"self":[{"href":"https:\/\/volt-power.com\/en\/wp-json\/wp\/v2\/product\/3316","targetHints":{"allow":["GET"]}}],"collection":[{"href":"https:\/\/volt-power.com\/en\/wp-json\/wp\/v2\/product"}],"about":[{"href":"https:\/\/volt-power.com\/en\/wp-json\/wp\/v2\/types\/product"}],"replies":[{"embeddable":true,"href":"https:\/\/volt-power.com\/en\/wp-json\/wp\/v2\/comments?post=3316"}],"wp:featuredmedia":[{"embeddable":true,"href":"https:\/\/volt-power.com\/en\/wp-json\/wp\/v2\/media\/4831"}],"wp:attachment":[{"href":"https:\/\/volt-power.com\/en\/wp-json\/wp\/v2\/media?parent=3316"}],"wp:term":[{"taxonomy":"product_cat","embeddable":true,"href":"https:\/\/volt-power.com\/en\/wp-json\/wp\/v2\/product_cat?post=3316"},{"taxonomy":"product_tag","embeddable":true,"href":"https:\/\/volt-power.com\/en\/wp-json\/wp\/v2\/product_tag?post=3316"}],"curies":[{"name":"wp","href":"https:\/\/api.w.org\/{rel}","templated":true}]}}