{"id":3313,"date":"2023-03-22T13:34:01","date_gmt":"2023-03-22T13:34:01","guid":{"rendered":"https:\/\/volt-power.com\/?post_type=product&#038;p=3313"},"modified":"2024-08-01T16:06:36","modified_gmt":"2024-08-01T16:06:36","slug":"adaptador-tipo-c-macho-a-vgavlt-a017","status":"publish","type":"product","link":"https:\/\/volt-power.com\/en\/product\/adaptador-tipo-c-macho-a-vgavlt-a017\/","title":{"rendered":"Adaptador tipo C macho a VGA<br>VLT-A017"},"content":{"rendered":"<ul>\n<li>Tipo: Adaptador para monitor de video<\/li>\n<li>Tipo de conector: Conector USB Tipo C macho a VGA hembra<\/li>\n<li>Resoluci\u00f3n: Hasta 1920x1080P a 60Hz<\/li>\n<li>Calibre del cable (AWG): 32AW G<\/li>\n<li>Di\u00e1metro externo: 4,2mm<\/li>\n<li>Conductor material: Tinned copper<\/li>\n<li>Coating: PVC<\/li>\n<li>Material de contacto: Al\ufb01ler chapado en oro<\/li>\n<li>Longitud del cable: 20cm (Solo el cable)<\/li>\n<li>Longitud total: 22,8cm (Del extremo VGA al conector Tipo C)<\/li>\n<li>Peso:26,5g<\/li>\n<\/ul>","protected":false},"excerpt":{"rendered":"<h2><span style=\"color: #ff6600;\">Adaptador tipo C macho a VGA<\/span><\/h2>\n<p>El dise\u00f1o de nuestro adaptador viene tipo C reversible que simplifica la conexi\u00f3n, ya que el cable se puede enchufar en cualquier direcci\u00f3n, el dise\u00f1o tipo C reversible simplifica la conexi\u00f3n, el cable se puede enchufar en cualquier direcci\u00f3n y vea f\u00e1cilmente pel\u00edculas, programas de TV, diapositivas y fotos en una pantalla o proyector m\u00e1s grande<\/p>\n<p><a href=\"https:\/\/volt-power.com\/wp-content\/uploads\/2023\/03\/VLT-A017_compressed.pdf\" target=\"_blank\" rel=\"noopener\"><img loading=\"lazy\" decoding=\"async\" class=\"alignright wp-image-3474\" src=\"https:\/\/volt-power.com\/wp-content\/uploads\/2023\/03\/6-287x300.png\" alt=\"\" width=\"100\" height=\"105\" srcset=\"https:\/\/volt-power.com\/wp-content\/uploads\/2023\/03\/6-287x300.png 287w, https:\/\/volt-power.com\/wp-content\/uploads\/2023\/03\/6-600x628.png 600w, https:\/\/volt-power.com\/wp-content\/uploads\/2023\/03\/6-768x803.png 768w, https:\/\/volt-power.com\/wp-content\/uploads\/2023\/03\/6.png 784w\" sizes=\"auto, (max-width: 100px) 100vw, 100px\" \/><\/a><\/p>","protected":false},"featured_media":4830,"comment_status":"open","ping_status":"closed","template":"","meta":[],"product_cat":[45,58],"product_tag":[],"class_list":["post-3313","product","type-product","status-publish","has-post-thumbnail","hentry","product_cat-accesorios","product_cat-cable-tipo-c"],"_links":{"self":[{"href":"https:\/\/volt-power.com\/en\/wp-json\/wp\/v2\/product\/3313","targetHints":{"allow":["GET"]}}],"collection":[{"href":"https:\/\/volt-power.com\/en\/wp-json\/wp\/v2\/product"}],"about":[{"href":"https:\/\/volt-power.com\/en\/wp-json\/wp\/v2\/types\/product"}],"replies":[{"embeddable":true,"href":"https:\/\/volt-power.com\/en\/wp-json\/wp\/v2\/comments?post=3313"}],"wp:featuredmedia":[{"embeddable":true,"href":"https:\/\/volt-power.com\/en\/wp-json\/wp\/v2\/media\/4830"}],"wp:attachment":[{"href":"https:\/\/volt-power.com\/en\/wp-json\/wp\/v2\/media?parent=3313"}],"wp:term":[{"taxonomy":"product_cat","embeddable":true,"href":"https:\/\/volt-power.com\/en\/wp-json\/wp\/v2\/product_cat?post=3313"},{"taxonomy":"product_tag","embeddable":true,"href":"https:\/\/volt-power.com\/en\/wp-json\/wp\/v2\/product_tag?post=3313"}],"curies":[{"name":"wp","href":"https:\/\/api.w.org\/{rel}","templated":true}]}}