{"id":3310,"date":"2023-03-22T13:26:49","date_gmt":"2023-03-22T13:26:49","guid":{"rendered":"https:\/\/volt-power.com\/?post_type=product&#038;p=3310"},"modified":"2024-08-01T16:07:06","modified_gmt":"2024-08-01T16:07:06","slug":"tipo-c-multipuerto-3-en-1-hdmi-tipo-c-usbvlt-a016","status":"publish","type":"product","link":"https:\/\/volt-power.com\/en\/product\/tipo-c-multipuerto-3-en-1-hdmi-tipo-c-usbvlt-a016\/","title":{"rendered":"Tipo-C Multipuerto 3 en 1 (HDMI, TIPO C, USB)<br>VLT-A016"},"content":{"rendered":"<ul>\n<li>Tipo: Adaptador multi puerto USB Tipo C 3-en-1<\/li>\n<li>Tipo de conector Puerto de entrada y salida USB 3.1 Tipo C macho, puerto de entrada y salida USB 3.1 Tipo C hembra para carga. Potencia de entrada y salida: 5VCC\/1A, puerto de salida HDMI hembra, puerto de entrada y salida USB 3.0 hembra<\/li>\n<li>Resoluci\u00f3n: 4K (3840 x 2160p)<\/li>\n<li>Velocidad de transferencia: 5Gbps<\/li>\n<li>Material de contacto: Enchapado en oro<\/li>\n<li>Conductor material: Copper<\/li>\n<li>Longitud: 15cm<\/li>\n<\/ul>\n<p>&nbsp;<\/p>","protected":false},"excerpt":{"rendered":"<h2><span style=\"color: #ff6600;\">Tipo-C Multipuerto 3 en 1 (HDMI, TIPO C, USB)<\/span><\/h2>\n<p>El adaptador multipuerto USB tipo C 3 en 1 te ofrece una c\u00f3moda transmisi\u00f3n de datos y carga a trav\u00e9s del puerto macho USB 3.1 tipo C, que incluye un puerto USB 3.1 hembra para cargar tus dispositivos y tenerlos siempre listos para usar, conecta tu laptop o computadora para mostrar su pantalla a tu televisor habilitado para HDMI a trav\u00e9s del puerto HDMI hembra, con resoluciones de hasta 4K (3840 x 2160p)<\/p>\n<p><a href=\"https:\/\/volt-power.com\/wp-content\/uploads\/2023\/03\/VLT-A016_compressed.pdf\" target=\"_blank\" rel=\"noopener\"><img loading=\"lazy\" decoding=\"async\" class=\"alignright wp-image-3474\" src=\"https:\/\/volt-power.com\/wp-content\/uploads\/2023\/03\/6-287x300.png\" alt=\"\" width=\"100\" height=\"105\" srcset=\"https:\/\/volt-power.com\/wp-content\/uploads\/2023\/03\/6-287x300.png 287w, https:\/\/volt-power.com\/wp-content\/uploads\/2023\/03\/6-600x628.png 600w, https:\/\/volt-power.com\/wp-content\/uploads\/2023\/03\/6-768x803.png 768w, https:\/\/volt-power.com\/wp-content\/uploads\/2023\/03\/6.png 784w\" sizes=\"auto, (max-width: 100px) 100vw, 100px\" \/><\/a><\/p>","protected":false},"featured_media":4829,"comment_status":"open","ping_status":"closed","template":"","meta":[],"product_cat":[45,58],"product_tag":[],"class_list":["post-3310","product","type-product","status-publish","has-post-thumbnail","hentry","product_cat-accesorios","product_cat-cable-tipo-c"],"_links":{"self":[{"href":"https:\/\/volt-power.com\/en\/wp-json\/wp\/v2\/product\/3310","targetHints":{"allow":["GET"]}}],"collection":[{"href":"https:\/\/volt-power.com\/en\/wp-json\/wp\/v2\/product"}],"about":[{"href":"https:\/\/volt-power.com\/en\/wp-json\/wp\/v2\/types\/product"}],"replies":[{"embeddable":true,"href":"https:\/\/volt-power.com\/en\/wp-json\/wp\/v2\/comments?post=3310"}],"wp:featuredmedia":[{"embeddable":true,"href":"https:\/\/volt-power.com\/en\/wp-json\/wp\/v2\/media\/4829"}],"wp:attachment":[{"href":"https:\/\/volt-power.com\/en\/wp-json\/wp\/v2\/media?parent=3310"}],"wp:term":[{"taxonomy":"product_cat","embeddable":true,"href":"https:\/\/volt-power.com\/en\/wp-json\/wp\/v2\/product_cat?post=3310"},{"taxonomy":"product_tag","embeddable":true,"href":"https:\/\/volt-power.com\/en\/wp-json\/wp\/v2\/product_tag?post=3310"}],"curies":[{"name":"wp","href":"https:\/\/api.w.org\/{rel}","templated":true}]}}