{"id":3243,"date":"2023-03-14T14:09:28","date_gmt":"2023-03-14T14:09:28","guid":{"rendered":"https:\/\/volt-power.com\/?post_type=product&#038;p=3243"},"modified":"2024-08-01T16:11:20","modified_gmt":"2024-08-01T16:11:20","slug":"cable-conector-tipo-c-vlt-a011","status":"publish","type":"product","link":"https:\/\/volt-power.com\/en\/product\/cable-conector-tipo-c-vlt-a011\/","title":{"rendered":"Cable conector tipo C <br>VLT-A011"},"content":{"rendered":"<ul>\n<li>Tipo: Cable para carga y transferencia de datos a alta velocidad<\/li>\n<li>Tipo de conector: Tipo C macho a USB 2.0 A macho<\/li>\n<li>Calibre del cable: 28 AWG<\/li>\n<li>Velocidad de transmisi\u00f3n: Admite velocidades de hasta 480Mbps<\/li>\n<li>Conductor: Cobre esta\u00f1ado<\/li>\n<li>Revestimiento: Pl\u00e1stico PVC<\/li>\n<li>Di\u00e1metro externo: 3,8mm<\/li>\n<li>Length: 1.8 m<\/li>\n<li>Peso: 38g<\/li>\n<\/ul>","protected":false},"excerpt":{"rendered":"<h2><span style=\"color: #ff6600;\">Cable con conector Tipo C macho a USB 2.0 A macho<\/span><\/h2>\n<p>El cable tiene un dise\u00f1o tipo C reversible simplifica la conexi\u00f3n, ya que el cable se puede enchufar en cualquier direcci\u00f3n, el dise\u00f1o tipo C reversible simplifica la conexi\u00f3n, ya que el cable se puede enchufar en cualquier direcci\u00f3n Ideal para cargar y sincronizar tus dispositivos.<\/p>\n<p><a href=\"https:\/\/volt-power.com\/wp-content\/uploads\/2023\/03\/VLT-A011_compressed.pdf\" target=\"_blank\" rel=\"noopener\"><img loading=\"lazy\" decoding=\"async\" class=\"alignright wp-image-3474\" src=\"https:\/\/volt-power.com\/wp-content\/uploads\/2023\/03\/6-150x150.png\" alt=\"\" width=\"100\" height=\"105\" srcset=\"https:\/\/volt-power.com\/wp-content\/uploads\/2023\/03\/6-600x628.png 600w, https:\/\/volt-power.com\/wp-content\/uploads\/2023\/03\/6-287x300.png 287w, https:\/\/volt-power.com\/wp-content\/uploads\/2023\/03\/6-768x803.png 768w, https:\/\/volt-power.com\/wp-content\/uploads\/2023\/03\/6.png 784w\" sizes=\"auto, (max-width: 100px) 100vw, 100px\" \/><\/a><\/p>","protected":false},"featured_media":4825,"comment_status":"open","ping_status":"closed","template":"","meta":[],"product_cat":[45,58],"product_tag":[],"class_list":["post-3243","product","type-product","status-publish","has-post-thumbnail","hentry","product_cat-accesorios","product_cat-cable-tipo-c"],"_links":{"self":[{"href":"https:\/\/volt-power.com\/en\/wp-json\/wp\/v2\/product\/3243","targetHints":{"allow":["GET"]}}],"collection":[{"href":"https:\/\/volt-power.com\/en\/wp-json\/wp\/v2\/product"}],"about":[{"href":"https:\/\/volt-power.com\/en\/wp-json\/wp\/v2\/types\/product"}],"replies":[{"embeddable":true,"href":"https:\/\/volt-power.com\/en\/wp-json\/wp\/v2\/comments?post=3243"}],"wp:featuredmedia":[{"embeddable":true,"href":"https:\/\/volt-power.com\/en\/wp-json\/wp\/v2\/media\/4825"}],"wp:attachment":[{"href":"https:\/\/volt-power.com\/en\/wp-json\/wp\/v2\/media?parent=3243"}],"wp:term":[{"taxonomy":"product_cat","embeddable":true,"href":"https:\/\/volt-power.com\/en\/wp-json\/wp\/v2\/product_cat?post=3243"},{"taxonomy":"product_tag","embeddable":true,"href":"https:\/\/volt-power.com\/en\/wp-json\/wp\/v2\/product_tag?post=3243"}],"curies":[{"name":"wp","href":"https:\/\/api.w.org\/{rel}","templated":true}]}}